{"id":5,"date":"2020-05-21T17:53:44","date_gmt":"2020-05-21T17:53:44","guid":{"rendered":"http:\/\/201.147.144.88\/covid\/?page_id=5"},"modified":"2020-12-18T02:34:23","modified_gmt":"2020-12-18T02:34:23","slug":"home","status":"publish","type":"page","link":"https:\/\/web.sectei.cdmx.gob.mx\/covid\/","title":{"rendered":"Home"},"content":{"rendered":"<div id=\"pl-5\"  class=\"panel-layout\" ><div id=\"pg-5-0\"  class=\"panel-grid panel-has-style\" ><div class=\"siteorigin-panels-stretch panel-row-style panel-row-style-for-5-0\" data-stretch-type=\"full-stretched\" ><div id=\"pgc-5-0-0\"  class=\"panel-grid-cell\" ><div id=\"panel-5-0-0-0\" class=\"so-panel widget widget_themegrill_flash_slider tg-section tg-slider-widget panel-first-child panel-last-child\" data-index=\"0\" ><div class=\"tg-slider-widget slider-dark slider-content-center slider-control-center full-width\">\n\t<div class=\"swiper-container\">\n\t\t<div class=\"swiper-wrapper\">\n\t\t\t\n\t\t\t\t\t<div class=\"swiper-slide\">\n\t\t\t\t\t\t<figure class=\"slider-image\" >\n\t\t\t\t\t\t\t<img width=\"1924\" height=\"1000\"\t\t\t\t\t\t\t\t\tsrc=\"https:\/\/web.sectei.cdmx.gob.mx\/covid\/wp-content\/uploads\/2020\/05\/slider-2.jpg\"\n\t\t\t\t\t\t\t\t\talt=\"SECTEI COVID-19\"\n\t\t\t\t\t\t\t\t\ttitle=\"SECTEI COVID-19\"\/>\n\t\t\t\t\t\t\t<div class=\"overlay\"><\/div>\n\t\t\t\t\t\t<\/figure>\n\t\t\t\t\t\t<div class=\"slider-content\">\n\t\t\t\t\t\t\t<div class=\"tg-container\">\n\t\t\t\t\t\t\t\t<div class=\"caption-title\">SECTEI COVID-19<\/div>\n\t\t\t\t\t\t\t\t<div class=\"caption-desc\">ACCIONES, PROGRAMAS Y CONTENIDOS EN TORNO A COVID-19<\/div>\n\t\t\t\t\t\t\t\t\t\t\t\t\t\t\t<\/div>\n\t\t\t\t\t\t<\/div>\n\t\t\t\t\t<\/div>\n\n\t\t\t\t\n\t\t\t\t\t<div class=\"swiper-slide\">\n\t\t\t\t\t\t<figure class=\"slider-image\" >\n\t\t\t\t\t\t\t<img width=\"1920\" height=\"1000\"\t\t\t\t\t\t\t\t\tsrc=\"https:\/\/web.sectei.cdmx.gob.mx\/covid\/wp-content\/uploads\/2020\/05\/slider-1.jpg\"\n\t\t\t\t\t\t\t\t\talt=\"SECTEI COVID-19\"\n\t\t\t\t\t\t\t\t\ttitle=\"SECTEI COVID-19\"\/>\n\t\t\t\t\t\t\t<div class=\"overlay\"><\/div>\n\t\t\t\t\t\t<\/figure>\n\t\t\t\t\t\t<div class=\"slider-content\">\n\t\t\t\t\t\t\t<div class=\"tg-container\">\n\t\t\t\t\t\t\t\t<div class=\"caption-title\">SECTEI COVID-19<\/div>\n\t\t\t\t\t\t\t\t<div class=\"caption-desc\">ACCIONES, PROGRAMAS Y CONTENIDOS EN TORNO A COVID-19<\/div>\n\t\t\t\t\t\t\t\t\t\t\t\t\t\t\t<\/div>\n\t\t\t\t\t\t<\/div>\n\t\t\t\t\t<\/div>\n\n\t\t\t\t\n\t\t\t\t\t<div class=\"swiper-slide\">\n\t\t\t\t\t\t<figure class=\"slider-image\" >\n\t\t\t\t\t\t\t<img width=\"1920\" height=\"1000\"\t\t\t\t\t\t\t\t\tsrc=\"https:\/\/web.sectei.cdmx.gob.mx\/covid\/wp-content\/uploads\/2020\/05\/slider-3.jpg\"\n\t\t\t\t\t\t\t\t\talt=\"SECTEI COVID-19\"\n\t\t\t\t\t\t\t\t\ttitle=\"SECTEI COVID-19\"\/>\n\t\t\t\t\t\t\t<div class=\"overlay\"><\/div>\n\t\t\t\t\t\t<\/figure>\n\t\t\t\t\t\t<div class=\"slider-content\">\n\t\t\t\t\t\t\t<div class=\"tg-container\">\n\t\t\t\t\t\t\t\t<div class=\"caption-title\">SECTEI COVID-19<\/div>\n\t\t\t\t\t\t\t\t<div class=\"caption-desc\">ACCIONES, PROGRAMAS Y CONTENIDOS EN TORNO A COVID-19<\/div>\n\t\t\t\t\t\t\t\t\t\t\t\t\t\t\t<\/div>\n\t\t\t\t\t\t<\/div>\n\t\t\t\t\t<\/div>\n\n\t\t\t\t\t\t<\/div>\n\t\t<div class=\"swiper-pagination\"><\/div>\n\t\t<div class=\"slider-arrow\">\n\t\t\t<div class=\"swiper-button-next\"><\/div>\n\t\t\t<div class=\"swiper-button-prev\"><\/div>\n\t\t<\/div>\n\t<\/div>\n<\/div>\n<\/div><\/div><\/div><\/div><div id=\"pg-5-1\"  class=\"panel-grid panel-has-style\" ><div class=\"panel-row-style panel-row-style-for-5-1\" ><div id=\"pgc-5-1-0\"  class=\"panel-grid-cell\" ><div id=\"panel-5-1-0-0\" class=\"so-panel widget widget_siteorigin-panels-builder panel-first-child panel-last-child\" data-index=\"1\" ><div id=\"pl-w5fce71427d9ff\"  class=\"panel-layout\" ><div id=\"pg-w5fce71427d9ff-0\"  class=\"panel-grid panel-no-style\" ><div id=\"pgc-w5fce71427d9ff-0-0\"  class=\"panel-grid-cell\" ><div id=\"panel-w5fce71427d9ff-0-0-0\" class=\"so-panel widget widget_themegrill_flash_heading tg-widget section-title-wrapper panel-first-child panel-last-child\" data-index=\"0\" >\t<h3 class=\"section-title\">\u00c1reas<\/h3>\n<\/div><\/div><\/div><div id=\"pg-w5fce71427d9ff-1\"  class=\"panel-grid panel-no-style\" ><div id=\"pgc-w5fce71427d9ff-1-0\"  class=\"panel-grid-cell\" ><div id=\"panel-w5fce71427d9ff-1-0-0\" class=\"so-panel widget widget_themegrill_flash_service tg-widget tg-single-service panel-first-child panel-last-child\" data-index=\"1\" >\n<div class=\"tg-service-widget tg-service-layout-2\">\n\t<div class=\"service-wrapper\">\n\t\t<div class=\"service-icon-title-wrapper clearfix\">\n\t\t\t\t\t\t\t\t\t<figure class=\"service-image-wrap\"><img decoding=\"async\" src=\"https:\/\/web.sectei.cdmx.gob.mx\/covid\/wp-content\/uploads\/2020\/06\/educaion-2.jpeg\" \/><\/figure>\n\t\t\t\t\t\t\t\t\t<h3 class=\"service-title-wrap\">\n\t\t\t\t\t\t\t\t<a href=\"http:\/\/web.sectei.cdmx.gob.mx\/covid\/educacion\/\">\n\t\t\t\tEDUCACI\u00d3N\t\t\t\t\t\t\t\t<\/a>\n\t\t\t\t\t\t\t<\/h3>\n\t\t\t\t\t<\/div>\n\t\t\t\t\t\t<a class=\"service-more\" href=\"http:\/\/web.sectei.cdmx.gob.mx\/covid\/educacion\/\">Leer m\u00e1s<\/a>\n\t\t\t<\/div>\n<\/div>\n<\/div><\/div><div id=\"pgc-w5fce71427d9ff-1-1\"  class=\"panel-grid-cell\" ><div id=\"panel-w5fce71427d9ff-1-1-0\" class=\"so-panel widget widget_themegrill_flash_service tg-widget tg-single-service panel-first-child panel-last-child\" data-index=\"2\" >\n<div class=\"tg-service-widget tg-service-layout-2\">\n\t<div class=\"service-wrapper\">\n\t\t<div class=\"service-icon-title-wrapper clearfix\">\n\t\t\t\t\t\t\t\t\t<figure class=\"service-image-wrap\"><img decoding=\"async\" src=\"https:\/\/web.sectei.cdmx.gob.mx\/covid\/wp-content\/uploads\/2020\/06\/ciencia-2.jpeg\" \/><\/figure>\n\t\t\t\t\t\t\t\t\t<h3 class=\"service-title-wrap\">\n\t\t\t\t\t\t\t\t<a href=\"http:\/\/web.sectei.cdmx.gob.mx\/covid\/ciencia-tecnologia-e-innovacion\/\">\n\t\t\t\tCIENCIA, TECNOLOG\u00cdA E INNOVACI\u00d3N\t\t\t\t\t\t\t\t<\/a>\n\t\t\t\t\t\t\t<\/h3>\n\t\t\t\t\t<\/div>\n\t\t\t\t\t\t<a class=\"service-more\" href=\"http:\/\/web.sectei.cdmx.gob.mx\/covid\/ciencia-tecnologia-e-innovacion\/\">Leer m\u00e1s<\/a>\n\t\t\t<\/div>\n<\/div>\n<\/div><\/div><\/div><\/div><\/div><\/div><\/div><\/div><div id=\"pg-5-2\"  class=\"panel-grid panel-no-style\" ><div id=\"pgc-5-2-0\"  class=\"panel-grid-cell\" ><div id=\"panel-5-2-0-0\" class=\"so-panel widget widget_themegrill_flash_blog tg-widget blog-section panel-first-child panel-last-child\" data-index=\"2\" >\n<div class=\"blog-wrapper tg-column-wrapper tg-blog-widget-layout-1\">\n\t\t\t<div class=\"row\">\n\t\t<div class=\"tg-blog-widget tg-column-2\">\n\t\t\t\t<div class=\"post-image \">\n\t\t\t<figure><a href=\"https:\/\/web.sectei.cdmx.gob.mx\/covid\/red-ecos\/\" title=\"Red ECOs\"><img loading=\"lazy\" decoding=\"async\" width=\"176\" height=\"112\" src=\"https:\/\/web.sectei.cdmx.gob.mx\/covid\/wp-content\/uploads\/2020\/07\/WhatsApp-Image-2020-07-02-at-11.24.03.jpeg\" class=\"attachment-flash-square size-flash-square wp-post-image\" alt=\"\" \/><\/a><\/figure>\t\t<\/div>\n\t\t<div class=\"blog-content\">\n\t\t\t<h3 class=\"entry-title\"><a href=\"https:\/\/web.sectei.cdmx.gob.mx\/covid\/red-ecos\/\">Red ECOs<\/a><\/h3>\n\t\t\t\t\t\t<div class=\"entry-meta\">\n\t\t\t\t<span class=\"entry-date\">\n\t\t\t\t\t<i class=\"fa fa-clock-o\"><\/i><a href=\"https:\/\/web.sectei.cdmx.gob.mx\/covid\/red-ecos\/\" rel=\"bookmark\">22 mayo 2020<\/a>\n\t\t\t\t<\/span>\n\t\t\t\t<span class=\"entry-author\">\n\t\t\t\t\t<i class=\"fa fa-user\"><\/i><a class=\"url fn n\" href=\"https:\/\/web.sectei.cdmx.gob.mx\/covid\/author\/admin\/\">admin<\/a>\n\t\t\t\t<\/span>\n\t\t\t<\/div>\n\t\t\t\t\t\t<div class=\"entry-summary\">\n\t\t\t\t<p>Es un \u00f3rgano integrado por instituciones de educaci\u00f3n superior y centros de investigaci\u00f3n que busca coadyuvar en la planeaci\u00f3n y [&hellip;]\n\t\t\t<\/div>\n\t\t\t\t\t<\/div>\n\t<\/div>\n\t\t<div class=\"tg-blog-widget tg-column-2\">\n\t\t\t\t<div class=\"post-image \">\n\t\t\t<figure><a href=\"https:\/\/web.sectei.cdmx.gob.mx\/covid\/desarrollo-tecnologico-e-innovacion\/\" title=\"Desarrollo Tecnol\u00f3gico e Innovaci\u00f3n\"><img loading=\"lazy\" decoding=\"async\" width=\"176\" height=\"112\" src=\"https:\/\/web.sectei.cdmx.gob.mx\/covid\/wp-content\/uploads\/2020\/05\/WhatsApp-Image-2020-06-13-at-18.12.54.jpeg\" class=\"attachment-flash-square size-flash-square wp-post-image\" alt=\"\" \/><\/a><\/figure>\t\t<\/div>\n\t\t<div class=\"blog-content\">\n\t\t\t<h3 class=\"entry-title\"><a href=\"https:\/\/web.sectei.cdmx.gob.mx\/covid\/desarrollo-tecnologico-e-innovacion\/\">Desarrollo Tecnol\u00f3gico e Innovaci\u00f3n<\/a><\/h3>\n\t\t\t\t\t\t<div class=\"entry-meta\">\n\t\t\t\t<span class=\"entry-date\">\n\t\t\t\t\t<i class=\"fa fa-clock-o\"><\/i><a href=\"https:\/\/web.sectei.cdmx.gob.mx\/covid\/desarrollo-tecnologico-e-innovacion\/\" rel=\"bookmark\">22 mayo 2020<\/a>\n\t\t\t\t<\/span>\n\t\t\t\t<span class=\"entry-author\">\n\t\t\t\t\t<i class=\"fa fa-user\"><\/i><a class=\"url fn n\" href=\"https:\/\/web.sectei.cdmx.gob.mx\/covid\/author\/admin\/\">admin<\/a>\n\t\t\t\t<\/span>\n\t\t\t<\/div>\n\t\t\t\t\t\t<div class=\"entry-summary\">\n\t\t\t\t<p>Se busca impulsar el desarrollo de proyectos en temas de tecnolog\u00eda e innovaci\u00f3n, enfocados a resolver problemas espec\u00edficos de la [&hellip;]\n\t\t\t<\/div>\n\t\t\t\t\t<\/div>\n\t<\/div>\n\t\t<\/div>\n\t\t\t<div class=\"row\">\n\t\t<div class=\"tg-blog-widget tg-column-2\">\n\t\t\t\t<div class=\"post-image \">\n\t\t\t<figure><a href=\"https:\/\/web.sectei.cdmx.gob.mx\/covid\/instituto-rosario-castellanos\/\" title=\"Instituto Rosario Castellanos\"><img loading=\"lazy\" decoding=\"async\" width=\"196\" height=\"131\" src=\"https:\/\/web.sectei.cdmx.gob.mx\/covid\/wp-content\/uploads\/2020\/05\/IRS.png\" class=\"attachment-flash-square size-flash-square wp-post-image\" alt=\"\" \/><\/a><\/figure>\t\t<\/div>\n\t\t<div class=\"blog-content\">\n\t\t\t<h3 class=\"entry-title\"><a href=\"https:\/\/web.sectei.cdmx.gob.mx\/covid\/instituto-rosario-castellanos\/\">Instituto Rosario Castellanos<\/a><\/h3>\n\t\t\t\t\t\t<div class=\"entry-meta\">\n\t\t\t\t<span class=\"entry-date\">\n\t\t\t\t\t<i class=\"fa fa-clock-o\"><\/i><a href=\"https:\/\/web.sectei.cdmx.gob.mx\/covid\/instituto-rosario-castellanos\/\" rel=\"bookmark\">21 mayo 2020<\/a>\n\t\t\t\t<\/span>\n\t\t\t\t<span class=\"entry-author\">\n\t\t\t\t\t<i class=\"fa fa-user\"><\/i><a class=\"url fn n\" href=\"https:\/\/web.sectei.cdmx.gob.mx\/covid\/author\/admin\/\">admin<\/a>\n\t\t\t\t<\/span>\n\t\t\t<\/div>\n\t\t\t\t\t\t<div class=\"entry-summary\">\n\t\t\t\t<p>Leer m\u00e1s Es un \u00f3rgano desconcentrado adscrito a la SECTEI con autonom\u00eda t\u00e9cnica, acad\u00e9mica y de gesti\u00f3n. Su oferta educativa [&hellip;]\n\t\t\t<\/div>\n\t\t\t\t\t<\/div>\n\t<\/div>\n\t\t<div class=\"tg-blog-widget tg-column-2\">\n\t\t\t\t<div class=\"post-image \">\n\t\t\t<figure><a href=\"https:\/\/web.sectei.cdmx.gob.mx\/covid\/instituto-de-educacion-media-superior\/\" title=\"Instituto de Educaci\u00f3n Media Superior\"><img loading=\"lazy\" decoding=\"async\" width=\"196\" height=\"131\" src=\"https:\/\/web.sectei.cdmx.gob.mx\/covid\/wp-content\/uploads\/2020\/05\/IEMS.png\" class=\"attachment-flash-square size-flash-square wp-post-image\" alt=\"\" \/><\/a><\/figure>\t\t<\/div>\n\t\t<div class=\"blog-content\">\n\t\t\t<h3 class=\"entry-title\"><a href=\"https:\/\/web.sectei.cdmx.gob.mx\/covid\/instituto-de-educacion-media-superior\/\">Instituto de Educaci\u00f3n Media Superior<\/a><\/h3>\n\t\t\t\t\t\t<div class=\"entry-meta\">\n\t\t\t\t<span class=\"entry-date\">\n\t\t\t\t\t<i class=\"fa fa-clock-o\"><\/i><a href=\"https:\/\/web.sectei.cdmx.gob.mx\/covid\/instituto-de-educacion-media-superior\/\" rel=\"bookmark\">21 mayo 2020<\/a>\n\t\t\t\t<\/span>\n\t\t\t\t<span class=\"entry-author\">\n\t\t\t\t\t<i class=\"fa fa-user\"><\/i><a class=\"url fn n\" href=\"https:\/\/web.sectei.cdmx.gob.mx\/covid\/author\/admin\/\">admin<\/a>\n\t\t\t\t<\/span>\n\t\t\t<\/div>\n\t\t\t\t\t\t<div class=\"entry-summary\">\n\t\t\t\t<p>Leer m\u00e1s Es un \u00f3rgano p\u00fablico descentralizado, perteneciente al sistema educativo nacional, cuyo objetivo es impulsar la educaci\u00f3n media superior, [&hellip;]\n\t\t\t<\/div>\n\t\t\t\t\t<\/div>\n\t<\/div>\n\t\t<\/div>\n\t<\/div><!-- .blog-wrapper -->\n<\/div><\/div><\/div><div id=\"pg-5-3\"  class=\"panel-grid panel-has-style\" ><div class=\"siteorigin-panels-stretch panel-row-style panel-row-style-for-5-3\" data-stretch-type=\"full\" ><div id=\"pgc-5-3-0\"  class=\"panel-grid-cell\" ><div id=\"panel-5-3-0-0\" class=\"so-panel widget widget_themegrill_flash_cta tg-widget call-to-action-section panel-first-child panel-last-child\" data-index=\"3\" ><div class=\"cta-wrapper call-to-action-section-layout-1\">\n\t<div class=\"section-title-wrapper\">\n\t\t\t\t<h3 class=\"section-title\">NO CONTAGIAR, NO CONTAGIARNOS<\/h3>\n\t\t\t<\/div>\n\t\t<div class=\"btn-wrapper\">\n\t\t\t\t<a class=\"btn\" href=\"https:\/\/www.sectei.cdmx.gob.mx\/storage\/app\/media\/Convocatorias_2020\/PRESENTACION-SECTEI-SEDESA-v1.pdf\">M\u00e1s informaci\u00f3n<\/a>\n\t\t\t\t\t\t<a class=\"btn\" href=\"https:\/\/www.sectei.cdmx.gob.mx\/storage\/app\/media\/Convocatorias_2020\/PRESENTACION-SECTEI-SEDESA-v1.pdf\">Descargar<\/a>\n\t\t\t<\/div>\n\t<\/div>\n<\/div><\/div><\/div><\/div><div id=\"pg-5-4\"  class=\"panel-grid panel-has-style\" ><div class=\"siteorigin-panels-stretch panel-row-style panel-row-style-for-5-4\" data-stretch-type=\"full\" ><div id=\"pgc-5-4-0\"  class=\"panel-grid-cell\" ><div id=\"panel-5-4-0-0\" class=\"widget_text so-panel widget widget_custom_html panel-first-child panel-last-child\" data-index=\"4\" ><h3 class=\"widget-title\">Videos<\/h3><div class=\"textwidget custom-html-widget\">\n<br>\n<div class=\"su-button-center\"><a href=\"https:\/\/web.sectei.cdmx.gob.mx\/covid\/videos\/\" class=\"su-button su-button-style-default\" style=\"color:#FFFFFF;background-color:#00b140;border-color:#008e34;border-radius:7px\" target=\"_self\"><span style=\"color:#FFFFFF;padding:0px 20px;font-size:16px;line-height:32px;border-color:#4dc97a;border-radius:7px;text-shadow:none\"> Ver videos adicionales<\/span><\/a><\/div><\/div><\/div><\/div><\/div><\/div><div id=\"pg-5-5\"  class=\"panel-grid panel-has-style\" ><div class=\"panel-row-style panel-row-style-for-5-5\" ><div id=\"pgc-5-5-0\"  class=\"panel-grid-cell\" ><div id=\"panel-5-5-0-0\" class=\"so-panel widget widget_siteorigin-panels-builder panel-first-child panel-last-child\" data-index=\"5\" ><div id=\"pl-w5fce718e0a4f0\"  class=\"panel-layout\" ><div id=\"pg-w5fce718e0a4f0-0\"  class=\"panel-grid panel-no-style\" ><div id=\"pgc-w5fce718e0a4f0-0-0\"  class=\"panel-grid-cell\" ><div id=\"panel-w5fce718e0a4f0-0-0-0\" class=\"so-panel widget widget_themegrill_flash_heading tg-widget section-title-wrapper panel-first-child panel-last-child\" data-index=\"0\" >\t<h3 class=\"section-title\">Programas<\/h3>\n<\/div><\/div><\/div><div id=\"pg-w5fce718e0a4f0-1\"  class=\"panel-grid panel-no-style\" ><div id=\"pgc-w5fce718e0a4f0-1-0\"  class=\"panel-grid-cell\" ><div id=\"panel-w5fce718e0a4f0-1-0-0\" class=\"so-panel widget widget_themegrill_flash_service tg-widget tg-single-service panel-first-child panel-last-child\" data-index=\"1\" >\n<div class=\"tg-service-widget tg-service-layout-2\">\n\t<div class=\"service-wrapper\">\n\t\t<div class=\"service-icon-title-wrapper clearfix\">\n\t\t\t\t\t\t\t\t\t<figure class=\"service-image-wrap\"><img decoding=\"async\" src=\"https:\/\/web.sectei.cdmx.gob.mx\/covid\/wp-content\/uploads\/2020\/06\/pilares-3.jpeg\" \/><\/figure>\n\t\t\t\t\t\t\t\t\t<h3 class=\"service-title-wrap\">\n\t\t\t\t\t\t\t\t<a href=\"http:\/\/web.sectei.cdmx.gob.mx\/covid\/pilares\/\">\n\t\t\t\tPilares\t\t\t\t\t\t\t\t<\/a>\n\t\t\t\t\t\t\t<\/h3>\n\t\t\t\t\t<\/div>\n\t\t\t\t\t\t<a class=\"service-more\" href=\"http:\/\/web.sectei.cdmx.gob.mx\/covid\/pilares\/\">Leer m\u00e1s<\/a>\n\t\t\t<\/div>\n<\/div>\n<\/div><\/div><div id=\"pgc-w5fce718e0a4f0-1-1\"  class=\"panel-grid-cell\" ><div id=\"panel-w5fce718e0a4f0-1-1-0\" class=\"so-panel widget widget_themegrill_flash_service tg-widget tg-single-service panel-first-child panel-last-child\" data-index=\"2\" >\n<div class=\"tg-service-widget tg-service-layout-2\">\n\t<div class=\"service-wrapper\">\n\t\t<div class=\"service-icon-title-wrapper clearfix\">\n\t\t\t\t\t\t\t\t\t<figure class=\"service-image-wrap\"><img decoding=\"async\" src=\"https:\/\/web.sectei.cdmx.gob.mx\/covid\/wp-content\/uploads\/2020\/06\/indeporte-2.jpeg\" \/><\/figure>\n\t\t\t\t\t\t\t\t\t<h3 class=\"service-title-wrap\">\n\t\t\t\t\t\t\t\t<a href=\"http:\/\/web.sectei.cdmx.gob.mx\/covid\/indeporte\/\">\n\t\t\t\tIndeporte\t\t\t\t\t\t\t\t<\/a>\n\t\t\t\t\t\t\t<\/h3>\n\t\t\t\t\t<\/div>\n\t\t\t\t\t\t<a class=\"service-more\" href=\"http:\/\/web.sectei.cdmx.gob.mx\/covid\/indeporte\/\">Leer m\u00e1s<\/a>\n\t\t\t<\/div>\n<\/div>\n<\/div><\/div><\/div><\/div><\/div><\/div><\/div><\/div><div id=\"pg-5-6\"  class=\"panel-grid panel-no-style\" ><div id=\"pgc-5-6-0\"  class=\"panel-grid-cell\" ><div id=\"panel-5-6-0-0\" class=\"so-panel widget widget_themegrill_flash_heading tg-widget section-title-wrapper panel-first-child panel-last-child\" data-index=\"6\" >\t<h3 class=\"section-title\">Informaci\u00f3n<\/h3>\n<\/div><\/div><\/div><div id=\"pg-5-7\"  class=\"panel-grid panel-has-style\" ><div class=\"siteorigin-panels-stretch panel-row-style panel-row-style-for-5-7\" data-stretch-type=\"full\" ><div id=\"pgc-5-7-0\"  class=\"panel-grid-cell\" ><div id=\"panel-5-7-0-0\" class=\"so-panel widget widget_text panel-first-child panel-last-child\" data-index=\"7\" ><div class=\"panel-widget-style panel-widget-style-for-5-7-0-0\" >\t\t\t<div class=\"textwidget\"><p><a href=\"http:\/\/web.sectei.cdmx.gob.mx\/covid\/comunicacion\/\"><img loading=\"lazy\" decoding=\"async\" class=\"size-full wp-image-197 aligncenter\" src=\"https:\/\/web.sectei.cdmx.gob.mx\/covid\/wp-content\/uploads\/2020\/05\/COMUNICACION.png\" alt=\"\" width=\"365\" height=\"219\" \/><\/a><\/p>\n<p><a href=\"http:\/\/web.sectei.cdmx.gob.mx\/covid\/redes-sociales\/\"><img loading=\"lazy\" decoding=\"async\" class=\"size-full wp-image-198 aligncenter\" src=\"https:\/\/web.sectei.cdmx.gob.mx\/covid\/wp-content\/uploads\/2020\/05\/REDES-SOCIALES.png\" alt=\"\" width=\"365\" height=\"219\" \/><\/a><\/p>\n<p><a href=\"http:\/\/web.sectei.cdmx.gob.mx\/covid\/convocatorias\/\"><img loading=\"lazy\" decoding=\"async\" class=\"size-full wp-image-199 aligncenter\" src=\"https:\/\/web.sectei.cdmx.gob.mx\/covid\/wp-content\/uploads\/2020\/05\/CONVOCATORIAS.png\" alt=\"\" width=\"365\" height=\"219\" \/><\/a><\/p>\n<\/div>\n\t\t<\/div><\/div><\/div><div id=\"pgc-5-7-1\"  class=\"panel-grid-cell\" ><div id=\"panel-5-7-1-0\" class=\"so-panel widget widget_text panel-first-child panel-last-child\" data-index=\"8\" >\t\t\t<div class=\"textwidget\">\n<!-- Custom Twitter Feeds by Smash Balloon -->\n<div id=\"ctf\" class=\" ctf ctf-type-usertimeline ctf-rebranded ctf-feed-609696454  ctf-styles ctf-list ctf-regular-style\"   data-ctfshortcode=\"[]\"   data-ctfdisablelinks=\"false\" data-ctflinktextcolor=\"#\" data-header-size=\"small\" data-feedid=\"609696454\" data-postid=\"\"  data-ctfintents=\"1\"  data-ctfneeded=\"5\">\n            <div id=\"ctf\" class=\"ctf\">\n            <div class=\"ctf-error\">\n                <div class=\"ctf-error-user\">\n\t\t\t\t\tEl feed de Twitter no est\u00e1 disponible en este momento.                <\/div>\n            <\/div>\n        <\/div>\n\t\t    <div class=\"ctf-tweets\">\n   \t\t    <\/div>\n    \n<\/div>\n\n<\/div>\n\t\t<\/div><\/div><\/div><\/div><\/div>","protected":false},"excerpt":{"rendered":"<p>Leer m\u00e1s Es un \u00f3rgano p\u00fablico descentralizado, perteneciente al sistema educativo nacional, cuyo objetivo es impulsar la educaci\u00f3n media superior, [&hellip;]<\/p>\n","protected":false},"author":1,"featured_media":0,"parent":0,"menu_order":0,"comment_status":"closed","ping_status":"closed","template":"page-templates\/pagebuilder.php","meta":{"footnotes":""},"class_list":["post-5","page","type-page","status-publish","hentry"],"_links":{"self":[{"href":"https:\/\/web.sectei.cdmx.gob.mx\/covid\/wp-json\/wp\/v2\/pages\/5","targetHints":{"allow":["GET"]}}],"collection":[{"href":"https:\/\/web.sectei.cdmx.gob.mx\/covid\/wp-json\/wp\/v2\/pages"}],"about":[{"href":"https:\/\/web.sectei.cdmx.gob.mx\/covid\/wp-json\/wp\/v2\/types\/page"}],"author":[{"embeddable":true,"href":"https:\/\/web.sectei.cdmx.gob.mx\/covid\/wp-json\/wp\/v2\/users\/1"}],"replies":[{"embeddable":true,"href":"https:\/\/web.sectei.cdmx.gob.mx\/covid\/wp-json\/wp\/v2\/comments?post=5"}],"version-history":[{"count":107,"href":"https:\/\/web.sectei.cdmx.gob.mx\/covid\/wp-json\/wp\/v2\/pages\/5\/revisions"}],"predecessor-version":[{"id":565,"href":"https:\/\/web.sectei.cdmx.gob.mx\/covid\/wp-json\/wp\/v2\/pages\/5\/revisions\/565"}],"wp:attachment":[{"href":"https:\/\/web.sectei.cdmx.gob.mx\/covid\/wp-json\/wp\/v2\/media?parent=5"}],"curies":[{"name":"wp","href":"https:\/\/api.w.org\/{rel}","templated":true}]}}