{"id":448,"date":"2020-10-29T22:04:02","date_gmt":"2020-10-29T22:04:02","guid":{"rendered":"http:\/\/web.sectei.cdmx.gob.mx\/diabetes\/?page_id=448"},"modified":"2020-10-30T01:14:36","modified_gmt":"2020-10-30T01:14:36","slug":"cuidate-sms","status":"publish","type":"page","link":"https:\/\/web.sectei.cdmx.gob.mx\/diabetes\/cuidate-sms\/","title":{"rendered":"Cuidate SMS"},"content":{"rendered":"<div id=\"pl-448\"  class=\"panel-layout\" ><div id=\"pg-448-0\"  class=\"panel-grid panel-has-style\" ><div class=\"panel-row-style panel-row-style-for-448-0\" ><div id=\"pgc-448-0-0\"  class=\"panel-grid-cell\" ><div id=\"panel-448-0-0-0\" class=\"widget_text so-panel widget widget_custom_html panel-first-child panel-last-child\" data-index=\"0\" ><div class=\"widget_text panel-widget-style panel-widget-style-for-448-0-0-0\" ><div class=\"textwidget custom-html-widget\"><div class=\"su-row\">\n  <div class=\"su-column su-column-size-2-3\"><div class=\"su-column-inner su-u-clearfix su-u-trim\">\n\t  <h2>\n\t\t\t\u00bfQuieres conocer el riesgo que tienes de padecer alguna enfermedad\ncr\u00f3nica?\n<\/h2><br>\n<p>\n\tEl Sistema SMS de comorbilidades del Gobierno de la Ciudad de M\u00e9xico te permite:\n<\/p>\n<div class=\"lista-jj\">\n\t<ul>\n \t<li>Conocer el nivel de riesgo que tienes de padecer alguna comorbilidad.<\/li>\n \t<li>Canalizaci\u00f3n para agendar una cita m\u00e9dica.<\/li>\n \t<li>Recomendaciones seg\u00fan tu nivel de riesgo.<\/li>\n \t<li>Seguimiento de tu caso o enfermedad.<\/li>\n\t<\/ul\t>\n<\/div>\n\n<br>\n<p>\n\t<img class=\"alignnone size-medium wp-image-502\" src=\"http:\/\/web.sectei.cdmx.gob.mx\/diabetes\/wp-content\/uploads\/2020\/10\/sms.png\" alt=\"\" width=\"500\"  \/>\n<\/p>\n<br>\n\n\t<h3 style=\"color:#00b140\">\n\t\t\u00bfC\u00f3mo funciona?\n\t<\/h3><br>\n<ol>\n \t<li>Env\u00eda un SMS con la palabra \u00abCu\u00eddate\u00bb al 51515<\/li>\n \t<li>Contesta un breve cuestionario para evaluar el nivel de riesgo que tienes de padecer alguna enfermedad cr\u00f3nica.<\/li>\n \t<li>De acuerdo a tus respuestas, te daremos recomendaciones para atender tu caso.En caso de tener riesgo de padecer alguna enfermedad, podr\u00e1s agendar una cita para revisi\u00f3n a trav\u00e9s del servicio de atenci\u00f3n correspondiente.<\/li>\n \t<li>Despu\u00e9s, ser\u00e1s atendido por un operador especializado que te har\u00e1 preguntas adicionales para complementar la informaci\u00f3n de tu caso.<br> Es importante que respondas las preguntas con informaci\u00f3n correcta.<\/li>\n \t<li>Luego, el operador te ayudar\u00e1 a agendar una cita m\u00e9dica.<\/li>\n \t<li>Asiste a tu cita para revisi\u00f3n m\u00e9dica. En caso de requerir una prueba, personal m\u00e9dico te la aplicar\u00e1 y te dar\u00e1n tu resultado posteriormente.<\/li>\n \t<li>Finalmente daremos seguimiento a tu caso a trav\u00e9s de nuestro sistema SMS.<\/li>\n \t<li>En caso de que no presentes riesgos de padecer alguna enfermedad, te daremos recomendaciones y medidas de prevenci\u00f3n para que te mantengas sano.<\/li>\n<\/ol>\n<\/div><\/div>\n<div class=\"su-column su-column-size-1-3\"><div class=\"su-column-inner su-u-clearfix su-u-trim\">\n<div align=\"center\">\n\t<img class=\"alignnone size-medium wp-image-474\" src=\"http:\/\/web.sectei.cdmx.gob.mx\/diabetes\/wp-content\/uploads\/2020\/10\/iphone.png\" alt=\"\" width=\"280\"\/>\n\t<\/div>\n <\/div><\/div>\n<\/div><\/div><\/div><\/div><\/div><\/div><\/div><div id=\"pg-448-1\"  class=\"panel-grid panel-has-style\" ><div class=\"panel-row-style panel-row-style-for-448-1\" ><div id=\"pgc-448-1-0\"  class=\"panel-grid-cell\" ><div id=\"panel-448-1-0-0\" class=\"so-panel widget widget_text panel-first-child panel-last-child\" data-index=\"1\" ><div class=\"panel-widget-style panel-widget-style-for-448-1-0-0\" >\t\t\t<div class=\"textwidget\"><p><img loading=\"lazy\" class=\"alignnone size-medium wp-image-537\" src=\"http:\/\/web.sectei.cdmx.gob.mx\/diabetes\/wp-content\/uploads\/2020\/10\/locatel-dark-300x86.png\" alt=\"\" width=\"300\" height=\"86\" srcset=\"https:\/\/web.sectei.cdmx.gob.mx\/diabetes\/wp-content\/uploads\/2020\/10\/locatel-dark-300x86.png 300w, https:\/\/web.sectei.cdmx.gob.mx\/diabetes\/wp-content\/uploads\/2020\/10\/locatel-dark-768x219.png 768w, https:\/\/web.sectei.cdmx.gob.mx\/diabetes\/wp-content\/uploads\/2020\/10\/locatel-dark.png 800w\" sizes=\"(max-width: 300px) 100vw, 300px\" \/><\/p>\n<h2>\u00a1Tambi\u00e9n puedes llamar a LOCATEL<\/h2>\n<h3 style=\"color: #00b140;\">\u00bfC\u00f3mo funciona?<\/h3>\n<p><strong>Marca al 55 56581111<\/strong> y un operador de LOCATEL te har\u00e1 unas preguntas para detectar tu nivel de riesgo de padecer alguna enfermedad cr\u00f3nica.<\/p>\n<p>En caso de que tengas riesgo, te canalizar\u00e1n para agendarte una cita m\u00e9dica.<\/p>\n<\/div>\n\t\t<\/div><\/div><\/div><\/div><\/div><\/div>","protected":false},"excerpt":{"rendered":"<p>\u00a1Tambi\u00e9n puedes llamar a LOCATEL \u00bfC\u00f3mo funciona? Marca al 55 56581111 y un operador de LOCATEL te har\u00e1 unas preguntas [&hellip;]<\/p>\n","protected":false},"author":1,"featured_media":0,"parent":0,"menu_order":0,"comment_status":"closed","ping_status":"closed","template":"","meta":[],"_links":{"self":[{"href":"https:\/\/web.sectei.cdmx.gob.mx\/diabetes\/wp-json\/wp\/v2\/pages\/448"}],"collection":[{"href":"https:\/\/web.sectei.cdmx.gob.mx\/diabetes\/wp-json\/wp\/v2\/pages"}],"about":[{"href":"https:\/\/web.sectei.cdmx.gob.mx\/diabetes\/wp-json\/wp\/v2\/types\/page"}],"author":[{"embeddable":true,"href":"https:\/\/web.sectei.cdmx.gob.mx\/diabetes\/wp-json\/wp\/v2\/users\/1"}],"replies":[{"embeddable":true,"href":"https:\/\/web.sectei.cdmx.gob.mx\/diabetes\/wp-json\/wp\/v2\/comments?post=448"}],"version-history":[{"count":66,"href":"https:\/\/web.sectei.cdmx.gob.mx\/diabetes\/wp-json\/wp\/v2\/pages\/448\/revisions"}],"predecessor-version":[{"id":556,"href":"https:\/\/web.sectei.cdmx.gob.mx\/diabetes\/wp-json\/wp\/v2\/pages\/448\/revisions\/556"}],"wp:attachment":[{"href":"https:\/\/web.sectei.cdmx.gob.mx\/diabetes\/wp-json\/wp\/v2\/media?parent=448"}],"curies":[{"name":"wp","href":"https:\/\/api.w.org\/{rel}","templated":true}]}}