{"id":456,"date":"2020-10-29T22:14:48","date_gmt":"2020-10-29T22:14:48","guid":{"rendered":"http:\/\/web.sectei.cdmx.gob.mx\/diabetes\/?page_id=456"},"modified":"2020-10-31T00:55:54","modified_gmt":"2020-10-31T00:55:54","slug":"atencion","status":"publish","type":"page","link":"https:\/\/web.sectei.cdmx.gob.mx\/diabetes\/atencion\/","title":{"rendered":"Atenci\u00f3n"},"content":{"rendered":"<div id=\"pl-456\"  class=\"panel-layout\" ><div id=\"pg-456-0\"  class=\"panel-grid panel-has-style\" ><div class=\"panel-row-style panel-row-style-for-456-0\" ><div id=\"pgc-456-0-0\"  class=\"panel-grid-cell\" ><div id=\"panel-456-0-0-0\" class=\"so-panel widget widget_text panel-first-child panel-last-child\" data-index=\"0\" ><div class=\"panel-widget-style panel-widget-style-for-456-0-0-0\" >\t\t\t<div class=\"textwidget\"><h3 style=\"color: #00b140;\">\u00bfTe preocupa padecer o estar en riesgo de padecer una enfermedad cr\u00f3nica?<\/h3>\n<p>Saber qu\u00e9 enfermedad se padece es necesario para saber qu\u00e9 esperar y qu\u00e9 cuidados tener, el primer paso es obtener un diagn\u00f3stico oportuno, para esto puedes acudir con un profesional de la salud y recuerda: el autodiagn\u00f3stico y la\u00a0 automedicaci\u00f3n s\u00f3lo enmascaran los s\u00edntomas, no son \u00fatiles y resultan peligroso.<\/p>\n<h3 style=\"color: #00b140;\">\u00bfFuiste diagnosticado y no sabes c\u00f3mo atenderte?<\/h3>\n<p>Una vez que recibas un diagn\u00f3stico adecuado, acude a valoraci\u00f3n m\u00e9dica para garantizar un tratamiento que corresponda a tus necesidades de salud. No olvides que es obligatorio seguir estrictamente las recomendaciones del m\u00e9dico a\u00a0 lo largo de todo el tratamiento, ya que de lo contrario corres el riesgo de agravar tu situaci\u00f3n y perjudicar tu salud.<\/p>\n<p>El tratamiento m\u00e9dico recibir\u00e1 acompa\u00f1amiento m\u00e9dico en todo momento: un tratamiento oportuno puede devolver la salud a una persona y mejorar su calidad de vida.<\/p>\n<p>Aqu\u00ed te mencionamos algunas de las pruebas para diagn\u00f3stico y tambi\u00e9n los tratamientos m\u00e1s comunes para las siguientes enfermedades cr\u00f3nicas, sin embargo no olvides que cada diagn\u00f3stico y tratamiento est\u00e1 sujeto a previa\u00a0 evaluaci\u00f3n m\u00e9dica, es personalizado y depende del grado de avance de la enfermedad.<\/p>\n<\/div>\n\t\t<\/div><\/div><\/div><\/div><\/div><div id=\"pg-456-1\"  class=\"panel-grid panel-has-style\" ><div class=\"panel-row-style panel-row-style-for-456-1\" ><div id=\"pgc-456-1-0\"  class=\"panel-grid-cell\" ><div id=\"panel-456-1-0-0\" class=\"widget_text so-panel widget widget_custom_html panel-first-child panel-last-child\" data-index=\"1\" ><div class=\"widget_text panel-widget-style panel-widget-style-for-456-1-0-0\" ><div class=\"textwidget custom-html-widget\"><div class=\"wp-block-pb-accordion-item c-accordion__item js-accordion-item\" data-initially-open=\"false\" data-click-to-close=\"true\" data-auto-close=\"true\" data-scroll=\"false\" data-scroll-offset=\"0\">\n    <h2 id=\"at-76860\" class=\"c-accordion__title js-accordion-controller\" tabindex=\"0\" role=\"button\" aria-controls=\"ac-76860\" aria-expanded=\"false\">\n        Diabetes\n    <\/h2>\n    <div id=\"ac-76860\" class=\"c-accordion__content\" style=\"display:none\" aria-hidden=\"true\">\n\t\t\t<br><h3 style=\"color:#00b140\">\n\t\tDiagn\u00f3stico\n\t<\/h3>\n        <br><p>Toda persona mayor de 45 a&ntilde;os debe realizarse un an&aacute;lisis para establecer el nivel inicial de az&uacute;car en sangre.<\/p>\n<p>Toda mujer que haya padecido diabetes gestacional debe realizarse un an&aacute;lisis para detecci&oacute;n de diabetes cada tres a&ntilde;os.<\/p>\n<p>Toda persona a quien le hayan diagnosticado prediabetes debe realizarse pruebas todos los a&ntilde;os.<\/p>\n<p>Prueba de hemoglobina glucosilada (A1C).<\/p>\n<p>Prueba oral de tolerancia a la glucosa.<\/p>\n\n\t\t<br><h3 style=\"color:#00b140\">\n\t\tTratamiento\n\t<\/h3>\n\t\t\t<br><p><strong>Seguir las recomendaciones para mejorar estilos de vida a unos m&aacute;s saludables<\/strong>.<\/p>\n<p><strong>Insulina<\/strong>. \u200b Colocaci&oacute;n de inyecciones de insulina o el uso de una bomba de insulina.<\/p>\n<p><strong>Controles frecuentes del nivel de az&uacute;car en sangre, y el c&aacute;lculo de hidratos de carbono.<\/strong><\/p>\n<p><strong>Trasplante.<\/strong> En el caso de algunas personas con diabetes un trasplante de p&aacute;ncreas puede ser una opci&oacute;n.<\/p>\n<p><strong>Cirug&iacute;a bari&aacute;trica.<\/strong> Las personas con diabetes, que tambi&eacute;n son obesas y tienen un &iacute;ndice de masa corporal mayor que 35 pueden resultar beneficiadas con este tipo de cirug&iacute;a.<\/p>\n\t\t\n    <\/div>\n<\/div><\/div><\/div><\/div><\/div><\/div><\/div><div id=\"pg-456-2\"  class=\"panel-grid panel-has-style\" ><div class=\"panel-row-style panel-row-style-for-456-2\" ><div id=\"pgc-456-2-0\"  class=\"panel-grid-cell\" ><div id=\"panel-456-2-0-0\" class=\"widget_text so-panel widget widget_custom_html panel-first-child panel-last-child\" data-index=\"2\" ><div class=\"widget_text panel-widget-style panel-widget-style-for-456-2-0-0\" ><div class=\"textwidget custom-html-widget\"><div class=\"wp-block-pb-accordion-item c-accordion__item js-accordion-item\" data-initially-open=\"false\" data-click-to-close=\"true\" data-auto-close=\"true\" data-scroll=\"false\" data-scroll-offset=\"0\">\n    <h2 id=\"at-76861\" class=\"c-accordion__title js-accordion-controller\" tabindex=\"0\" role=\"button\" aria-controls=\"ac-76861\" aria-expanded=\"false\">\n       Hipertensi\u00f3n\n    <\/h2>\n    <div id=\"ac-76861\" class=\"c-accordion__content\" style=\"display:none\" aria-hidden=\"true\">\n\t\t\t<br><h3 style=\"color:#00b140\">\n\t\tDiagn\u00f3stico\n\t<\/h3>\n<p>\n\t\t\t<p>Generar una historia cl&iacute;nica.<\/p>\n<p>Medida de la presi&oacute;n arterial. La prueba fundamental para el diagn&oacute;stico de la hipertensi&oacute;n arterial es su medici&oacute;n.<\/p>\n<p>Pruebas complementarias. \u200b An&aacute;lisis de orina, conteo de c&eacute;lulas sangu&iacute;neas, qu&iacute;mica sangu&iacute;nea (potasio, sodio, creatinina, glucosa en ayunas, colesterol total y colesterol de prote&iacute;na de alta densidad) y un ECG (electrocardiograma).<\/p>\n\t\t<br><h3 style=\"color:#00b140\">\n\t\tTratamiento\n\t<\/h3>\n\t\t\t<br><p><strong>Seguir las recomendaciones para mejorar estilos de vida a unos m&aacute;s saludables.<\/strong><\/p>\n<p><strong>Farmacol&oacute;gicos para regular la presi&oacute;n<\/strong>. \u200b Los m&aacute;s frecuentes son inhibidores de ECA, diur&eacute;ticos, antihipertensivos, bloqueador de canales de calcio y vasodilatadores.<\/p>\n\n\t\t\n    <\/div>\n<\/div><\/div><\/div><\/div><\/div><\/div><\/div><div id=\"pg-456-3\"  class=\"panel-grid panel-has-style\" ><div class=\"panel-row-style panel-row-style-for-456-3\" ><div id=\"pgc-456-3-0\"  class=\"panel-grid-cell\" ><div id=\"panel-456-3-0-0\" class=\"widget_text so-panel widget widget_custom_html panel-first-child panel-last-child\" data-index=\"3\" ><div class=\"widget_text panel-widget-style panel-widget-style-for-456-3-0-0\" ><div class=\"textwidget custom-html-widget\"><div class=\"wp-block-pb-accordion-item c-accordion__item js-accordion-item\" data-initially-open=\"false\" data-click-to-close=\"true\" data-auto-close=\"true\" data-scroll=\"false\" data-scroll-offset=\"0\">\n    <h2 id=\"at-76862\" class=\"c-accordion__title js-accordion-controller\" tabindex=\"0\" role=\"button\" aria-controls=\"ac-76862\" aria-expanded=\"false\">\n      C\u00e1ncer de pr\u00f3stata\n    <\/h2>\n    <div id=\"ac-76862\" class=\"c-accordion__content\" style=\"display:none\" aria-hidden=\"true\">\n\t\t\t<br><h3 style=\"color:#00b140\">\n\t\tDiagn\u00f3stico\n\t<\/h3>\n        <br><p>An&aacute;lisis de ant&iacute;geno prost&aacute;tico espec&iacute;fico<\/p>\n<p>Tacto rectal.<\/p>\n<p>Ecograf&iacute;a.<\/p>\n<p>Recolecci&oacute;n de una muestra de tejido de pr&oacute;stata.<\/p>\n\n\t\t<br><h3 style=\"color:#00b140\">\n\t\tTratamiento\n\t<\/h3>\n\t\t\t<br><p><br \/><strong>Seguir las recomendaciones para mejorar estilos de vida a unos m&aacute;s saludables.<\/strong><\/p>\n<p><strong>Cirug&iacute;a para extirpar la pr&oacute;stata<\/strong>.  Se extirpa la gl&aacute;ndula prost&aacute;tica, parte del tejido cercano y algunos n&oacute;dulos linf&aacute;ticos.<\/p>\n<p><strong>Radioterapia<\/strong>.  Rayos X de alta potencia para eliminar c&eacute;lulas cancerosas.<\/p>\n<p><strong>Terapia Hormonal<\/strong>.  Uso de medicamentos que hacen que el cuerpo deje de producir testosterona.<\/p>\n<p><strong>Congelamiento de tejido prost&aacute;tico<\/strong>. Congelar tejidos para destruir c&eacute;lulas cancerosas.<\/p>\n<p><strong>Quimioterapia<\/strong>. Medicamentos para destruir las c&eacute;lulas que crecen con rapidez,incluyendo las c&eacute;lulas cancerosas.<\/p>\n\n\t\t\n    <\/div>\n<\/div><\/div><\/div><\/div><\/div><\/div><\/div><div id=\"pg-456-4\"  class=\"panel-grid panel-has-style\" ><div class=\"panel-row-style panel-row-style-for-456-4\" ><div id=\"pgc-456-4-0\"  class=\"panel-grid-cell\" ><div id=\"panel-456-4-0-0\" class=\"widget_text so-panel widget widget_custom_html panel-first-child panel-last-child\" data-index=\"4\" ><div class=\"widget_text panel-widget-style panel-widget-style-for-456-4-0-0\" ><div class=\"textwidget custom-html-widget\"><div class=\"wp-block-pb-accordion-item c-accordion__item js-accordion-item\" data-initially-open=\"false\" data-click-to-close=\"true\" data-auto-close=\"true\" data-scroll=\"false\" data-scroll-offset=\"0\">\n    <h2 id=\"at-76863\" class=\"c-accordion__title js-accordion-controller\" tabindex=\"0\" role=\"button\" aria-controls=\"ac-76863\" aria-expanded=\"false\">\n      C\u00e1ncer de mama\n    <\/h2>\n    <div id=\"ac-76863\" class=\"c-accordion__content\" style=\"display:none\" aria-hidden=\"true\">\n\t\t\t<br><h3 style=\"color:#00b140\">\n\t\tDiagn\u00f3stico\n\t<\/h3>\n        <br><p>Mamograf&iacute;as.<\/p>\n<p>Ecograf&iacute;as.<\/p>\n<p>IRM.<\/p>\n<p>Tomograf&iacute;a axial computarizada.<\/p>\n<p>Exploraci&oacute;n con TEP.<\/p>\n\n\t\t<br><h3 style=\"color:#00b140\">\n\t\tTratamiento\n\t<\/h3>\n\t\t\t<p>\n\t\t\t\t<p><strong>Seguir las recomendaciones para mejorar estilos de vida a unos m&aacute;s saludables.<\/strong><\/p>\n<p><strong>Cirug&iacute;a.<\/strong> De preservaci&oacute;n de la mama, disecci&oacute;n de los ganglios linf&aacute;ticos y masectom&iacute;a.<\/p>\n<p><strong>Radioterapia.<\/strong> Rayos X de alta potencia para eliminar c&eacute;lulas cancerosas.<\/p>\n<p><strong>Terapia Hormonal.<\/strong> Medicamentos para la reducci&oacute;n de estr&oacute;geno en el cuerpo y el&nbsp;bloqueo de la acci&oacute;n del estr&oacute;geno en las c&eacute;lulas del c&aacute;ncer de mama.<\/p>\n<p><strong>Quimioterapia.<\/strong> Medicamentos para destruir las c&eacute;lulas que crecen con rapidez,&nbsp;incluyendo las c&eacute;lulas cancerosas.<\/p>\n\t\t\t<\/p>\n\n\t\t\n    <\/div>\n<\/div><\/div><\/div><\/div><\/div><\/div><\/div><div id=\"pg-456-5\"  class=\"panel-grid panel-has-style\" ><div class=\"panel-row-style panel-row-style-for-456-5\" ><div id=\"pgc-456-5-0\"  class=\"panel-grid-cell\" ><div id=\"panel-456-5-0-0\" class=\"widget_text so-panel widget widget_custom_html panel-first-child panel-last-child\" data-index=\"5\" ><div class=\"widget_text panel-widget-style panel-widget-style-for-456-5-0-0\" ><div class=\"textwidget custom-html-widget\"><div class=\"wp-block-pb-accordion-item c-accordion__item js-accordion-item\" data-initially-open=\"false\" data-click-to-close=\"true\" data-auto-close=\"true\" data-scroll=\"false\" data-scroll-offset=\"0\">\n    <h2 id=\"at-76864\" class=\"c-accordion__title js-accordion-controller\" tabindex=\"0\" role=\"button\" aria-controls=\"ac-76864\" aria-expanded=\"false\">\n     C\u00e1ncer de colon\n    <\/h2>\n    <div id=\"ac-76864\" class=\"c-accordion__content\" style=\"display:none\" aria-hidden=\"true\">\n\t\t\t<br><h3 style=\"color:#00b140\">\n\t\tDiagn\u00f3stico\n\t<\/h3>\n        <br><p>Colonoscopia.<\/p>\n<p>An&aacute;lisis de sangre.<\/p>\n\n\t\t<br><h3 style=\"color:#00b140\">\n\t\tTratamiento\n\t<\/h3>\n\t\t\t<br><p><br \/><strong>Seguir las recomendaciones para mejorar estilos de vida a unos m&aacute;s saludables<\/strong>.<\/p>\n<p><strong>Cirug&iacute;a<\/strong>. \u200b Extirpaci&oacute;n de p&oacute;lipos por colonoscopia o endoscopia.<\/p>\n<p><strong>Radioterapia<\/strong>.\u200b Rayos X de alta potencia para eliminar c&eacute;lulas cancerosas<\/p>\n<p><strong>Quimioterapia<\/strong>. Medicamentos para destruir las c&eacute;lulas que crecen con rapidez,incluyendo las c&eacute;lulas cancerosas.<\/p>\n\n\t\t\n    <\/div>\n<\/div><\/div><\/div><\/div><\/div><\/div><\/div><\/div>","protected":false},"excerpt":{"rendered":"<p>\u00bfTe preocupa padecer o estar en riesgo de padecer una enfermedad cr\u00f3nica? Saber qu\u00e9 enfermedad se padece es necesario para [&hellip;]<\/p>\n","protected":false},"author":1,"featured_media":0,"parent":0,"menu_order":0,"comment_status":"closed","ping_status":"closed","template":"","meta":[],"_links":{"self":[{"href":"https:\/\/web.sectei.cdmx.gob.mx\/diabetes\/wp-json\/wp\/v2\/pages\/456"}],"collection":[{"href":"https:\/\/web.sectei.cdmx.gob.mx\/diabetes\/wp-json\/wp\/v2\/pages"}],"about":[{"href":"https:\/\/web.sectei.cdmx.gob.mx\/diabetes\/wp-json\/wp\/v2\/types\/page"}],"author":[{"embeddable":true,"href":"https:\/\/web.sectei.cdmx.gob.mx\/diabetes\/wp-json\/wp\/v2\/users\/1"}],"replies":[{"embeddable":true,"href":"https:\/\/web.sectei.cdmx.gob.mx\/diabetes\/wp-json\/wp\/v2\/comments?post=456"}],"version-history":[{"count":45,"href":"https:\/\/web.sectei.cdmx.gob.mx\/diabetes\/wp-json\/wp\/v2\/pages\/456\/revisions"}],"predecessor-version":[{"id":739,"href":"https:\/\/web.sectei.cdmx.gob.mx\/diabetes\/wp-json\/wp\/v2\/pages\/456\/revisions\/739"}],"wp:attachment":[{"href":"https:\/\/web.sectei.cdmx.gob.mx\/diabetes\/wp-json\/wp\/v2\/media?parent=456"}],"curies":[{"name":"wp","href":"https:\/\/api.w.org\/{rel}","templated":true}]}}