{"id":5,"date":"2020-08-06T01:39:10","date_gmt":"2020-08-06T01:39:10","guid":{"rendered":"http:\/\/web.sectei.cdmx.gob.mx\/diabetes\/?page_id=5"},"modified":"2021-05-25T15:37:17","modified_gmt":"2021-05-25T15:37:17","slug":"home","status":"publish","type":"page","link":"https:\/\/web.sectei.cdmx.gob.mx\/diabetes\/","title":{"rendered":"Inicio"},"content":{"rendered":"<div id=\"pl-5\"  class=\"panel-layout\" ><div id=\"pg-5-0\"  class=\"panel-grid panel-has-style\" ><div class=\"panel-row-style panel-row-style-for-5-0\" ><div id=\"pgc-5-0-0\"  class=\"panel-grid-cell\" ><div id=\"panel-5-0-0-0\" class=\"so-panel widget widget_themegrill_flash_slider tg-section tg-slider-widget panel-first-child panel-last-child\" data-index=\"0\" ><div class=\"panel-widget-style panel-widget-style-for-5-0-0-0\" ><div class=\"tg-slider-widget slider-dark slider-content-center slider-control-bottom-right full-width\">\n\t<div class=\"swiper-container\">\n\t\t<div class=\"swiper-wrapper\">\n\t\t\t\n\t\t\t\t\t<div class=\"swiper-slide\">\n\t\t\t\t\t\t<figure class=\"slider-image\" >\n\t\t\t\t\t\t\t<img width=\"1920\" height=\"850\"\t\t\t\t\t\t\t\t\tsrc=\"https:\/\/web.sectei.cdmx.gob.mx\/diabetes\/wp-content\/uploads\/2020\/11\/s1b.jpg\"\n\t\t\t\t\t\t\t\t\talt=\"Cuidate mediante SMS\"\n\t\t\t\t\t\t\t\t\ttitle=\"Cuidate mediante SMS\"\/>\n\t\t\t\t\t\t\t<div class=\"overlay\"><\/div>\n\t\t\t\t\t\t<\/figure>\n\t\t\t\t\t\t<div class=\"slider-content\">\n\t\t\t\t\t\t\t<div class=\"tg-container\">\n\t\t\t\t\t\t\t\t<div class=\"caption-title\">Cuidate mediante SMS<\/div>\n\t\t\t\t\t\t\t\t<div class=\"caption-desc\">S\u00d3LO ENVIA UN MENSAJE Y NOSOTROS TE DIREMOS QUE HACER.<\/div>\n\t\t\t\t\t\t\t\t\t\t\t\t\t\t\t\t\t<div class=\"btn-wrapper\">\n\t\t\t\t\t\t\t\t\t\t<a href=\"https:\/\/web.sectei.cdmx.gob.mx\/diabetes\/cuidate-sms\/\">Ver m\u00e1s<\/a>\n\t\t\t\t\t\t\t\t\t<\/div>\n\t\t\t\t\t\t\t\t\t\t\t\t\t\t\t<\/div>\n\t\t\t\t\t\t<\/div>\n\t\t\t\t\t<\/div>\n\n\t\t\t\t\n\t\t\t\t\t<div class=\"swiper-slide\">\n\t\t\t\t\t\t<figure class=\"slider-image\" >\n\t\t\t\t\t\t\t<img width=\"1920\" height=\"850\"\t\t\t\t\t\t\t\t\tsrc=\"https:\/\/web.sectei.cdmx.gob.mx\/diabetes\/wp-content\/uploads\/2020\/11\/s2b.jpg\"\n\t\t\t\t\t\t\t\t\talt=\"Evite el consumo de alimentos azucarados\"\n\t\t\t\t\t\t\t\t\ttitle=\"Evite el consumo de alimentos azucarados\"\/>\n\t\t\t\t\t\t\t<div class=\"overlay\"><\/div>\n\t\t\t\t\t\t<\/figure>\n\t\t\t\t\t\t<div class=\"slider-content\">\n\t\t\t\t\t\t\t<div class=\"tg-container\">\n\t\t\t\t\t\t\t\t<div class=\"caption-title\">Evite el consumo de alimentos azucarados<\/div>\n\t\t\t\t\t\t\t\t<div class=\"caption-desc\"><\/div>\n\t\t\t\t\t\t\t\t\t\t\t\t\t\t\t<\/div>\n\t\t\t\t\t\t<\/div>\n\t\t\t\t\t<\/div>\n\n\t\t\t\t\n\t\t\t\t\t<div class=\"swiper-slide\">\n\t\t\t\t\t\t<figure class=\"slider-image\" >\n\t\t\t\t\t\t\t<img width=\"1920\" height=\"850\"\t\t\t\t\t\t\t\t\tsrc=\"https:\/\/web.sectei.cdmx.gob.mx\/diabetes\/wp-content\/uploads\/2020\/11\/s4b.jpg\"\n\t\t\t\t\t\t\t\t\talt=\"Alimentaci\u00f3n Consciente\"\n\t\t\t\t\t\t\t\t\ttitle=\"Alimentaci\u00f3n Consciente\"\/>\n\t\t\t\t\t\t\t<div class=\"overlay\"><\/div>\n\t\t\t\t\t\t<\/figure>\n\t\t\t\t\t\t<div class=\"slider-content\">\n\t\t\t\t\t\t\t<div class=\"tg-container\">\n\t\t\t\t\t\t\t\t<div class=\"caption-title\">Alimentaci\u00f3n Consciente<\/div>\n\t\t\t\t\t\t\t\t<div class=\"caption-desc\">\u00bfEST\u00c1 COMIENDO DE M\u00c1S?\n\u00bfEST\u00c1 SUBIENDO DE PESO?<\/div>\n\t\t\t\t\t\t\t\t\t\t\t\t\t\t\t<\/div>\n\t\t\t\t\t\t<\/div>\n\t\t\t\t\t<\/div>\n\n\t\t\t\t\n\t\t\t\t\t<div class=\"swiper-slide\">\n\t\t\t\t\t\t<figure class=\"slider-image\" >\n\t\t\t\t\t\t\t<img width=\"1920\" height=\"850\"\t\t\t\t\t\t\t\t\tsrc=\"https:\/\/web.sectei.cdmx.gob.mx\/diabetes\/wp-content\/uploads\/2020\/11\/s3b.jpg\"\n\t\t\t\t\t\t\t\t\talt=\"Limita tu consumo de frutas a dos porciones por d\u00eda\"\n\t\t\t\t\t\t\t\t\ttitle=\"Limita tu consumo de frutas a dos porciones por d\u00eda\"\/>\n\t\t\t\t\t\t\t<div class=\"overlay\"><\/div>\n\t\t\t\t\t\t<\/figure>\n\t\t\t\t\t\t<div class=\"slider-content\">\n\t\t\t\t\t\t\t<div class=\"tg-container\">\n\t\t\t\t\t\t\t\t<div class=\"caption-title\">Limita tu consumo de frutas a dos porciones por d\u00eda<\/div>\n\t\t\t\t\t\t\t\t<div class=\"caption-desc\"><\/div>\n\t\t\t\t\t\t\t\t\t\t\t\t\t\t\t<\/div>\n\t\t\t\t\t\t<\/div>\n\t\t\t\t\t<\/div>\n\n\t\t\t\t\n\t\t\t\t\t<div class=\"swiper-slide\">\n\t\t\t\t\t\t<figure class=\"slider-image\" >\n\t\t\t\t\t\t\t<img width=\"1920\" height=\"850\"\t\t\t\t\t\t\t\t\tsrc=\"https:\/\/web.sectei.cdmx.gob.mx\/diabetes\/wp-content\/uploads\/2020\/11\/s5b.jpg\"\n\t\t\t\t\t\t\t\t\talt=\"Come todas las verduras que desees\"\n\t\t\t\t\t\t\t\t\ttitle=\"Come todas las verduras que desees\"\/>\n\t\t\t\t\t\t\t<div class=\"overlay\"><\/div>\n\t\t\t\t\t\t<\/figure>\n\t\t\t\t\t\t<div class=\"slider-content\">\n\t\t\t\t\t\t\t<div class=\"tg-container\">\n\t\t\t\t\t\t\t\t<div class=\"caption-title\">Come todas las verduras que desees<\/div>\n\t\t\t\t\t\t\t\t<div class=\"caption-desc\"><\/div>\n\t\t\t\t\t\t\t\t\t\t\t\t\t\t\t<\/div>\n\t\t\t\t\t\t<\/div>\n\t\t\t\t\t<\/div>\n\n\t\t\t\t\t\t<\/div>\n\t\t<div class=\"swiper-pagination\"><\/div>\n\t\t<div class=\"slider-arrow\">\n\t\t\t<div class=\"swiper-button-next\"><\/div>\n\t\t\t<div class=\"swiper-button-prev\"><\/div>\n\t\t<\/div>\n\t<\/div>\n<\/div>\n<\/div><\/div><\/div><\/div><\/div><div id=\"pg-5-1\"  class=\"panel-grid panel-has-style\" ><div class=\"panel-row-style panel-row-style-for-5-1\" ><div id=\"pgc-5-1-0\"  class=\"panel-grid-cell\" ><div id=\"panel-5-1-0-0\" class=\"so-panel widget widget_themegrill_flash_heading tg-widget section-title-wrapper panel-first-child\" data-index=\"1\" ><div class=\"panel-widget-style panel-widget-style-for-5-1-0-0\" >\t<h3 class=\"section-title\">PROGRAMA DE PREVENCI\u00d3N Y ATENCI\u00d3N DE LA DIABETES, HIPERTENSI\u00d3N Y OBESIDAD<\/h3>\n<\/div><\/div><div id=\"panel-5-1-0-1\" class=\"so-panel widget widget_themegrill_flash_about tg-widget tg-about-widget about-section panel-last-child\" data-index=\"2\" ><div class=\"panel-widget-style panel-widget-style-for-5-1-0-1\" ><div class=\"tg-column-wrapper\">\n\t<div class=\"about-content-wrapper tg-column-2\">\n\t\t\t\t\t\t<div class=\"section-description\"><span class=\"su-dropcap su-dropcap-style-default\" style=\"font-size:1.5em\">La<\/span> causa de <strong>muerte n\u00famero uno en M\u00e9xico es la diabetes<\/strong>, y est\u00e1 asociada con obesidad, hipertensi\u00f3n, y una vida sedentaria. Este micrositio se prepar\u00f3 con el prop\u00f3sito de acercar informaci\u00f3n que ayude a la poblaci\u00f3n a disminuir el riesgo de desarrollar esta enfermedad. La alimentaci\u00f3n desequilibrada con exceso cal\u00f3rico y la falta de actividad f\u00edsica contribuyen a la obesidad y a niveles elevados de triglic\u00e9ridos y colesterol, lo que contribuye a la hipertensi\u00f3n. Estos h\u00e1bitos alimentarios y de actividad f\u00edsica pueden revertirse cuando la persona est\u00e1 conciente del impacto que tiene sobre su salud y sobretodo del riesgo de muerte que representa.<\/div>\n\t\t\t\t\t<\/div>\n\t\t<figure class=\"about-section-image tg-column-2\">\n\t\t<img src=\"http:\/\/web.sectei.cdmx.gob.mx\/diabetes\/wp-content\/uploads\/2020\/08\/about.jpg\" \/>\n\t<\/figure>\n\t<\/div>\n<\/div><\/div><\/div><\/div><\/div><div id=\"pg-5-2\"  class=\"panel-grid panel-has-style\" ><div class=\"panel-row-style panel-row-style-for-5-2\" ><div id=\"pgc-5-2-0\"  class=\"panel-grid-cell\" ><div id=\"panel-5-2-0-0\" class=\"so-panel widget widget_themegrill_flash_heading tg-widget section-title-wrapper panel-first-child\" data-index=\"3\" ><div class=\"panel-widget-style panel-widget-style-for-5-2-0-0\" >\t<h3 class=\"section-title\">Cuestionarios de Autoevaluaci\u00f3n de diabetes<\/h3>\n<\/div><\/div><div id=\"panel-5-2-0-1\" class=\"so-panel widget widget_siteorigin-panels-builder panel-last-child\" data-index=\"4\" ><div id=\"pl-w60ad19acf2ace\"  class=\"panel-layout\" ><div id=\"pg-w60ad19acf2ace-0\"  class=\"panel-grid panel-no-style\" ><div id=\"pgc-w60ad19acf2ace-0-0\"  class=\"panel-grid-cell panel-grid-cell-empty\" ><\/div><div id=\"pgc-w60ad19acf2ace-0-1\"  class=\"panel-grid-cell\" ><div id=\"panel-w60ad19acf2ace-0-1-0\" class=\"so-panel widget widget_text panel-first-child panel-last-child\" data-index=\"0\" >\t\t\t<div class=\"textwidget\"><p><a href=\"http:\/\/187.216.164.106\/diabetes\/registro.php\/responsable\/preregistro?t=1\"><img loading=\"lazy\" class=\"aligncenter wp-image-778\" src=\"https:\/\/web.sectei.cdmx.gob.mx\/diabetes\/wp-content\/uploads\/2021\/05\/diabetes-sospecha.jpeg\" alt=\"\" width=\"400\" height=\"421\" \/><\/a><\/p>\n<\/div>\n\t\t<\/div><\/div><div id=\"pgc-w60ad19acf2ace-0-2\"  class=\"panel-grid-cell panel-grid-cell-mobile-last\" ><div id=\"panel-w60ad19acf2ace-0-2-0\" class=\"so-panel widget widget_text panel-first-child panel-last-child\" data-index=\"1\" >\t\t\t<div class=\"textwidget\"><p><a href=\"http:\/\/187.216.164.106\/diabetes\/registro.php\/responsable\/preregistro?t=2\"><img loading=\"lazy\" class=\"aligncenter wp-image-779\" src=\"https:\/\/web.sectei.cdmx.gob.mx\/diabetes\/wp-content\/uploads\/2021\/04\/diabetes-2-285x300.jpeg\" alt=\"\" width=\"400\" height=\"421\" srcset=\"https:\/\/web.sectei.cdmx.gob.mx\/diabetes\/wp-content\/uploads\/2021\/04\/diabetes-2-285x300.jpeg 285w, https:\/\/web.sectei.cdmx.gob.mx\/diabetes\/wp-content\/uploads\/2021\/04\/diabetes-2.jpeg 550w\" sizes=\"(max-width: 400px) 100vw, 400px\" \/><\/a><\/p>\n<\/div>\n\t\t<\/div><\/div><div id=\"pgc-w60ad19acf2ace-0-3\"  class=\"panel-grid-cell panel-grid-cell-empty\" ><\/div><\/div><\/div><\/div><\/div><\/div><\/div><div id=\"pg-5-3\"  class=\"panel-grid panel-has-style\" ><div class=\"panel-row-style panel-row-style-for-5-3\" ><div id=\"pgc-5-3-0\"  class=\"panel-grid-cell\" ><div id=\"panel-5-3-0-0\" class=\"so-panel widget widget_themegrill_flash_heading tg-widget section-title-wrapper panel-first-child\" data-index=\"5\" >\t<h3 class=\"section-title\">Sitios web relacionados<\/h3>\n<\/div><div id=\"panel-5-3-0-1\" class=\"so-panel widget widget_themegrill_flash_blog tg-widget blog-section panel-last-child\" data-index=\"6\" ><div class=\"panel-widget-style panel-widget-style-for-5-3-0-1\" >\n<div class=\"blog-wrapper tg-column-wrapper tg-blog-widget-layout-2\">\n\t\t<div class=\"tg-blog-widget tg-column-3\">\n\t\t\t\t<div class=\"post-image \">\n\t\t\t<figure><a href=\"https:\/\/web.sectei.cdmx.gob.mx\/diabetes\/2020\/08\/17\/imss-diabetes-mellitus\/\" title=\"IMSS Diabetes Mellitus\"><img width=\"300\" height=\"270\" src=\"https:\/\/web.sectei.cdmx.gob.mx\/diabetes\/wp-content\/uploads\/2020\/08\/imss-300x270.jpeg\" class=\"attachment-flash-grid size-flash-grid wp-post-image\" alt=\"\" loading=\"lazy\" \/><\/a><\/figure>\t\t\t<span class=\"entry-date\">\n\t\t\t\t<i class=\"fa fa-clock-o\"><\/i><a href=\"https:\/\/web.sectei.cdmx.gob.mx\/diabetes\/2020\/08\/17\/imss-diabetes-mellitus\/\" rel=\"bookmark\">17 agosto 2020<\/a>\n\t\t\t<\/span>\n\t\t\t\t\t<\/div>\n\t\t<div class=\"blog-content\">\n\t\t\t<h3 class=\"entry-title\"><a href=\"https:\/\/web.sectei.cdmx.gob.mx\/diabetes\/2020\/08\/17\/imss-diabetes-mellitus\/\">IMSS Diabetes Mellitus<\/a><\/h3>\n\t\t\t\t\t\t<div class=\"entry-summary\">\n\t\t\t\t<p>La diabetes mellitus es un padecimiento que est\u00e1 asociado a estilos de vida poco saludables (obesidad y\/o sobrepeso; vida sedentaria [&hellip;]<\/p>\n\t\t\t<\/div>\n\t\t\t\t\t\t<div class=\"read-more-container\">\n\t\t\t\t<span class=\"entry-author\">\n\t\t\t\t\t<i class=\"fa fa-user\"><\/i><a class=\"url fn n\" href=\"https:\/\/web.sectei.cdmx.gob.mx\/diabetes\/author\/admin\/\">admin<\/a>\n\t\t\t\t<\/span>\n\t\t\t\t<div class=\"read-more\">\n\t\t\t\t\t<a href=\"https:\/\/web.sectei.cdmx.gob.mx\/diabetes\/2020\/08\/17\/imss-diabetes-mellitus\/\">Read More<\/a>\n\t\t\t\t<\/div>\n\t\t\t<\/div>\n\t\t\t\t\t<\/div>\n\t<\/div>\n\t\t<div class=\"tg-blog-widget tg-column-3\">\n\t\t\t\t<div class=\"post-image \">\n\t\t\t<figure><a href=\"https:\/\/web.sectei.cdmx.gob.mx\/diabetes\/2020\/08\/17\/el-issste-atiende-a-pacientes-diabeticos-a-traves-del-programa-mide\/\" title=\"El ISSSTE atiende a pacientes diab\u00e9ticos a trav\u00e9s del programa \u2018MIDE\u2019\"><img width=\"300\" height=\"270\" src=\"https:\/\/web.sectei.cdmx.gob.mx\/diabetes\/wp-content\/uploads\/2020\/08\/issste-300x270.jpeg\" class=\"attachment-flash-grid size-flash-grid wp-post-image\" alt=\"\" loading=\"lazy\" \/><\/a><\/figure>\t\t\t<span class=\"entry-date\">\n\t\t\t\t<i class=\"fa fa-clock-o\"><\/i><a href=\"https:\/\/web.sectei.cdmx.gob.mx\/diabetes\/2020\/08\/17\/el-issste-atiende-a-pacientes-diabeticos-a-traves-del-programa-mide\/\" rel=\"bookmark\">17 agosto 2020<\/a>\n\t\t\t<\/span>\n\t\t\t\t\t<\/div>\n\t\t<div class=\"blog-content\">\n\t\t\t<h3 class=\"entry-title\"><a href=\"https:\/\/web.sectei.cdmx.gob.mx\/diabetes\/2020\/08\/17\/el-issste-atiende-a-pacientes-diabeticos-a-traves-del-programa-mide\/\">El ISSSTE atiende a pacientes diab\u00e9ticos a trav\u00e9s del programa \u2018MIDE\u2019<\/a><\/h3>\n\t\t\t\t\t\t<div class=\"entry-summary\">\n\t\t\t\t<p>El Programa de Manejo Integral de Diabetes por Etapas (MIDE) es una iniciativa innovadora, basada en un esquema de empoderamiento [&hellip;]<\/p>\n\t\t\t<\/div>\n\t\t\t\t\t\t<div class=\"read-more-container\">\n\t\t\t\t<span class=\"entry-author\">\n\t\t\t\t\t<i class=\"fa fa-user\"><\/i><a class=\"url fn n\" href=\"https:\/\/web.sectei.cdmx.gob.mx\/diabetes\/author\/admin\/\">admin<\/a>\n\t\t\t\t<\/span>\n\t\t\t\t<div class=\"read-more\">\n\t\t\t\t\t<a href=\"https:\/\/web.sectei.cdmx.gob.mx\/diabetes\/2020\/08\/17\/el-issste-atiende-a-pacientes-diabeticos-a-traves-del-programa-mide\/\">Read More<\/a>\n\t\t\t\t<\/div>\n\t\t\t<\/div>\n\t\t\t\t\t<\/div>\n\t<\/div>\n\t\t<div class=\"tg-blog-widget tg-column-3\">\n\t\t\t\t<div class=\"post-image \">\n\t\t\t<figure><a href=\"https:\/\/web.sectei.cdmx.gob.mx\/diabetes\/2020\/08\/17\/programa-de-diabetes-ciudad-de-mexico\/\" title=\"Programa de diabetes Ciudad de M\u00e9xico\"><img width=\"300\" height=\"270\" src=\"https:\/\/web.sectei.cdmx.gob.mx\/diabetes\/wp-content\/uploads\/2020\/08\/sedesa-300x270.jpeg\" class=\"attachment-flash-grid size-flash-grid wp-post-image\" alt=\"\" loading=\"lazy\" \/><\/a><\/figure>\t\t\t<span class=\"entry-date\">\n\t\t\t\t<i class=\"fa fa-clock-o\"><\/i><a href=\"https:\/\/web.sectei.cdmx.gob.mx\/diabetes\/2020\/08\/17\/programa-de-diabetes-ciudad-de-mexico\/\" rel=\"bookmark\">17 agosto 2020<\/a>\n\t\t\t<\/span>\n\t\t\t\t\t<\/div>\n\t\t<div class=\"blog-content\">\n\t\t\t<h3 class=\"entry-title\"><a href=\"https:\/\/web.sectei.cdmx.gob.mx\/diabetes\/2020\/08\/17\/programa-de-diabetes-ciudad-de-mexico\/\">Programa de diabetes Ciudad de M\u00e9xico<\/a><\/h3>\n\t\t\t\t\t\t<div class=\"entry-summary\">\n\t\t\t\t<p>La atenci\u00f3n de las Enfermedades Cr\u00f3nicas en los Servicios de Salud de la Ciudad de M\u00e9xico se fortalecen de manera [&hellip;]<\/p>\n\t\t\t<\/div>\n\t\t\t\t\t\t<div class=\"read-more-container\">\n\t\t\t\t<span class=\"entry-author\">\n\t\t\t\t\t<i class=\"fa fa-user\"><\/i><a class=\"url fn n\" href=\"https:\/\/web.sectei.cdmx.gob.mx\/diabetes\/author\/admin\/\">admin<\/a>\n\t\t\t\t<\/span>\n\t\t\t\t<div class=\"read-more\">\n\t\t\t\t\t<a href=\"https:\/\/web.sectei.cdmx.gob.mx\/diabetes\/2020\/08\/17\/programa-de-diabetes-ciudad-de-mexico\/\">Read More<\/a>\n\t\t\t\t<\/div>\n\t\t\t<\/div>\n\t\t\t\t\t<\/div>\n\t<\/div>\n\t<\/div><!-- .blog-wrapper -->\n<\/div><\/div><\/div><\/div><\/div><div id=\"pg-5-4\"  class=\"panel-grid panel-has-style\" ><div class=\"panel-row-style panel-row-style-for-5-4\" ><div id=\"pgc-5-4-0\"  class=\"panel-grid-cell\" ><div id=\"panel-5-4-0-0\" class=\"so-panel widget widget_themegrill_flash_heading tg-widget section-title-wrapper panel-first-child\" data-index=\"7\" ><div class=\"panel-widget-style panel-widget-style-for-5-4-0-0\" >\t<h3 class=\"section-title\">Videos<\/h3>\n<\/div><\/div><div id=\"panel-5-4-0-1\" class=\"so-panel widget widget_text panel-last-child\" data-index=\"8\" ><div class=\"panel-widget-style panel-widget-style-for-5-4-0-1\" >\t\t\t<div class=\"textwidget\"><div class=\"epyt-gallery\" data-currpage=\"1\" id=\"epyt_gallery_48875\"><iframe  id=\"_ytid_58732\"   data-origwidth=\"780\" data-origheight=\"439\" src=\"https:\/\/www.youtube.com\/embed\/?enablejsapi=1&autoplay=0&cc_load_policy=0&cc_lang_pref=&iv_load_policy=1&loop=0&modestbranding=0&rel=1&fs=1&playsinline=0&autohide=2&theme=dark&color=red&controls=1&\" class=\"__youtube_prefs__  __youtube_prefs_widget__  no-lazyload\" title=\"YouTube player\"  data-epytgalleryid=\"epyt_gallery_48875\"  allow=\"accelerometer; autoplay; clipboard-write; encrypted-media; gyroscope; picture-in-picture\" allowfullscreen data-no-lazy=\"1\" data-skipgform_ajax_framebjll=\"\"><\/iframe><div class=\"epyt-gallery-list\"><div>Sorry, there was a YouTube error.<\/div><\/div><\/div>\n<\/div>\n\t\t<\/div><\/div><\/div><\/div><\/div><\/div>","protected":false},"excerpt":{"rendered":"","protected":false},"author":1,"featured_media":0,"parent":0,"menu_order":0,"comment_status":"closed","ping_status":"closed","template":"","meta":[],"_links":{"self":[{"href":"https:\/\/web.sectei.cdmx.gob.mx\/diabetes\/wp-json\/wp\/v2\/pages\/5"}],"collection":[{"href":"https:\/\/web.sectei.cdmx.gob.mx\/diabetes\/wp-json\/wp\/v2\/pages"}],"about":[{"href":"https:\/\/web.sectei.cdmx.gob.mx\/diabetes\/wp-json\/wp\/v2\/types\/page"}],"author":[{"embeddable":true,"href":"https:\/\/web.sectei.cdmx.gob.mx\/diabetes\/wp-json\/wp\/v2\/users\/1"}],"replies":[{"embeddable":true,"href":"https:\/\/web.sectei.cdmx.gob.mx\/diabetes\/wp-json\/wp\/v2\/comments?post=5"}],"version-history":[{"count":151,"href":"https:\/\/web.sectei.cdmx.gob.mx\/diabetes\/wp-json\/wp\/v2\/pages\/5\/revisions"}],"predecessor-version":[{"id":795,"href":"https:\/\/web.sectei.cdmx.gob.mx\/diabetes\/wp-json\/wp\/v2\/pages\/5\/revisions\/795"}],"wp:attachment":[{"href":"https:\/\/web.sectei.cdmx.gob.mx\/diabetes\/wp-json\/wp\/v2\/media?parent=5"}],"curies":[{"name":"wp","href":"https:\/\/api.w.org\/{rel}","templated":true}]}}