{"id":5,"date":"2020-05-21T17:53:44","date_gmt":"2020-05-21T17:53:44","guid":{"rendered":"http:\/\/201.147.144.88\/covid\/?page_id=5"},"modified":"2025-08-14T18:20:13","modified_gmt":"2025-08-14T18:20:13","slug":"home","status":"publish","type":"page","link":"https:\/\/web.sectei.cdmx.gob.mx\/home-sectei\/","title":{"rendered":"Home"},"content":{"rendered":"<div id=\"pl-5\"  class=\"panel-layout\" ><div id=\"pg-5-0\"  class=\"panel-grid panel-has-style\" ><div class=\"siteorigin-panels-stretch panel-row-style panel-row-style-for-5-0\" data-stretch-type=\"full-width-stretch\" ><div id=\"pgc-5-0-0\"  class=\"panel-grid-cell\" ><div id=\"panel-5-0-0-0\" class=\"so-panel widget widget_themegrill_flash_image tg-widget tg-image-widget panel-first-child panel-last-child\" data-index=\"0\" >\t<img decoding=\"async\" src=\"https:\/\/web.sectei.cdmx.gob.mx\/home-sectei\/wp-content\/uploads\/2025\/08\/pantalla3.png\" \/>\n<\/div><\/div><\/div><\/div><div id=\"pg-5-1\"  class=\"panel-grid panel-has-style\" ><div class=\"panel-row-style panel-row-style-for-5-1\" ><div id=\"pgc-5-1-0\"  class=\"panel-grid-cell\" ><div id=\"panel-5-1-0-0\" class=\"so-panel widget widget_siteorigin-panels-builder panel-first-child\" data-index=\"1\" ><div id=\"pl-w689e28dd0382f\"  class=\"panel-layout\" ><div id=\"pg-w689e28dd0382f-0\"  class=\"panel-grid panel-no-style\" ><div id=\"pgc-w689e28dd0382f-0-0\"  class=\"panel-grid-cell\" ><div id=\"panel-w689e28dd0382f-0-0-0\" class=\"so-panel widget widget_themegrill_flash_heading tg-widget section-title-wrapper panel-first-child panel-last-child\" data-index=\"0\" >\t<h3 class=\"section-title\">\u00c1reas<\/h3>\n<\/div><\/div><\/div><div id=\"pg-w689e28dd0382f-1\"  class=\"panel-grid panel-no-style\" ><div id=\"pgc-w689e28dd0382f-1-0\"  class=\"panel-grid-cell\" ><div id=\"panel-w689e28dd0382f-1-0-0\" class=\"so-panel widget widget_themegrill_flash_service tg-widget tg-single-service panel-first-child panel-last-child\" data-index=\"1\" >\n<div class=\"tg-service-widget tg-service-layout-2\">\n\t<div class=\"service-wrapper\">\n\t\t<div class=\"service-icon-title-wrapper clearfix\">\n\t\t\t\t\t\t\t\t\t<figure class=\"service-image-wrap\"><img decoding=\"async\" src=\"https:\/\/web.sectei.cdmx.gob.mx\/home-sectei\/wp-content\/uploads\/2025\/08\/Banner-Dia-Pueblos-Indigenas-07082025.jpeg\" \/><\/figure>\n\t\t\t\t\t\t\t\t\t<h3 class=\"service-title-wrap\">\n\t\t\t\t\t\t\t\t<a href=\"https:\/\/web.sectei.cdmx.gob.mx\/home-sectei\/educacion\/\">\n\t\t\t\tEDUCACI\u00d3N\t\t\t\t\t\t\t\t<\/a>\n\t\t\t\t\t\t\t<\/h3>\n\t\t\t\t\t<\/div>\n\t\t\t\t\t\t<a class=\"service-more\" href=\"https:\/\/web.sectei.cdmx.gob.mx\/home-sectei\/educacion\/\">Leer m\u00e1s<\/a>\n\t\t\t<\/div>\n<\/div>\n<\/div><\/div><\/div><\/div><\/div><div id=\"panel-5-1-0-1\" class=\"so-panel widget widget_themegrill_flash_slider tg-section tg-slider-widget panel-last-child\" data-index=\"2\" ><div class=\"tg-slider-widget slider-dark slider-content-center slider-control-center full-width\">\n\t<div class=\"swiper-container\">\n\t\t<div class=\"swiper-wrapper\">\n\t\t\t\t\t<\/div>\n\t\t<div class=\"swiper-pagination\"><\/div>\n\t\t<div class=\"slider-arrow\">\n\t\t\t<div class=\"swiper-button-next\"><\/div>\n\t\t\t<div class=\"swiper-button-prev\"><\/div>\n\t\t<\/div>\n\t<\/div>\n<\/div>\n<\/div><\/div><\/div><\/div><\/div>","protected":false},"excerpt":{"rendered":"<p>\u00c1reas EDUCACI\u00d3N Leer m\u00e1s<\/p>\n","protected":false},"author":1,"featured_media":0,"parent":0,"menu_order":0,"comment_status":"closed","ping_status":"closed","template":"page-templates\/pagebuilder.php","meta":{"_monsterinsights_skip_tracking":false,"_monsterinsights_sitenote_active":false,"_monsterinsights_sitenote_note":"","_monsterinsights_sitenote_category":0,"footnotes":""},"class_list":["post-5","page","type-page","status-publish","hentry"],"aioseo_notices":[],"_links":{"self":[{"href":"https:\/\/web.sectei.cdmx.gob.mx\/home-sectei\/wp-json\/wp\/v2\/pages\/5","targetHints":{"allow":["GET"]}}],"collection":[{"href":"https:\/\/web.sectei.cdmx.gob.mx\/home-sectei\/wp-json\/wp\/v2\/pages"}],"about":[{"href":"https:\/\/web.sectei.cdmx.gob.mx\/home-sectei\/wp-json\/wp\/v2\/types\/page"}],"author":[{"embeddable":true,"href":"https:\/\/web.sectei.cdmx.gob.mx\/home-sectei\/wp-json\/wp\/v2\/users\/1"}],"replies":[{"embeddable":true,"href":"https:\/\/web.sectei.cdmx.gob.mx\/home-sectei\/wp-json\/wp\/v2\/comments?post=5"}],"version-history":[{"count":120,"href":"https:\/\/web.sectei.cdmx.gob.mx\/home-sectei\/wp-json\/wp\/v2\/pages\/5\/revisions"}],"predecessor-version":[{"id":1655,"href":"https:\/\/web.sectei.cdmx.gob.mx\/home-sectei\/wp-json\/wp\/v2\/pages\/5\/revisions\/1655"}],"wp:attachment":[{"href":"https:\/\/web.sectei.cdmx.gob.mx\/home-sectei\/wp-json\/wp\/v2\/media?parent=5"}],"curies":[{"name":"wp","href":"https:\/\/api.w.org\/{rel}","templated":true}]}}