{"id":76,"date":"2020-04-17T01:52:08","date_gmt":"2020-04-17T06:52:08","guid":{"rendered":"https:\/\/repositoriosectei.wordpress.com\/?page_id=76"},"modified":"2020-05-05T20:28:30","modified_gmt":"2020-05-05T20:28:30","slug":"sitios-web-para-aprender","status":"publish","type":"page","link":"https:\/\/web.sectei.cdmx.gob.mx\/raspberry\/?page_id=76","title":{"rendered":"Sitios web para aprender"},"content":{"rendered":"<h2 style=\"text-align: center;\">Programo Ergo Sum.<\/h2>\n<p class=\"title\" style=\"text-align: center;\">APRENDE A\u00a0<strong>PROGRAMAR<\/strong><br \/><strong>GRATIS<\/strong>\u00a0DESDE CERO<\/p>\n<p style=\"text-align: center;\">Iniciativa sin \u00e1nimo de lucro para acercar la programaci\u00f3n de\u00a0<strong>ordenadores<\/strong>,\u00a0<strong>videojuegos<\/strong>\u00a0y\u00a0<strong>aplicaciones<\/strong> a todas las edades<\/p>\n<p><a href=\"https:\/\/www.programoergosum.com\/cursos-online\/raspberry-pi\" target=\"_blank\" rel=\"noopener noreferrer\"><img loading=\"lazy\" class=\"alignnone size-full wp-image-79\" src=\"https:\/\/web.sectei.cdmx.gob.mx\/raspberry\/wp-content\/uploads\/2020\/04\/ergosum-e1587106450198-1.png\" alt=\"ergosum\" width=\"1472\" height=\"894\" srcset=\"https:\/\/web.sectei.cdmx.gob.mx\/raspberry\/wp-content\/uploads\/2020\/04\/ergosum-e1587106450198-1.png 1472w, https:\/\/web.sectei.cdmx.gob.mx\/raspberry\/wp-content\/uploads\/2020\/04\/ergosum-e1587106450198-1-300x182.png 300w, https:\/\/web.sectei.cdmx.gob.mx\/raspberry\/wp-content\/uploads\/2020\/04\/ergosum-e1587106450198-1-1024x622.png 1024w, https:\/\/web.sectei.cdmx.gob.mx\/raspberry\/wp-content\/uploads\/2020\/04\/ergosum-e1587106450198-1-768x466.png 768w, https:\/\/web.sectei.cdmx.gob.mx\/raspberry\/wp-content\/uploads\/2020\/04\/ergosum-e1587106450198-1-1200x729.png 1200w\" sizes=\"(max-width: 1472px) 100vw, 1472px\" \/><\/a><\/p>\n<h2 style=\"text-align: center;\">Code Clubs<\/h2>\n<p class=\"c-pathway-header-title c-title-bold\" style=\"text-align: center;\">Los Code Clubs son clubs de programaci\u00f3n extracurriculares liderados por voluntarios. Est\u00e1n dirigidos a\u00a0<span class=\"c-pathway-header-nowrap\">j\u00f3venes de entre 9 y 13 a\u00f1os<\/span>.<\/p>\n<p class=\"c-pathway-header-title\" style=\"text-align: center;\">\u00a0Aqu\u00ed encontrar\u00e1s instrucciones paso a paso para realizar proyectos de programaci\u00f3n, en los que aprender\u00e1s a crear juegos y animaciones.<\/p>\n<p class=\"c-pathway-header-title\" style=\"text-align: center;\">\u00a0<\/p>\n<p><a href=\"https:\/\/projects.raspberrypi.org\/es-LA\/codeclub\/scratch-module-1\" target=\"_blank\" rel=\"noopener noreferrer\"><img loading=\"lazy\" class=\"alignnone size-full wp-image-83\" src=\"https:\/\/web.sectei.cdmx.gob.mx\/raspberry\/wp-content\/uploads\/2020\/04\/dospi-e1587106682678-1.png\" alt=\"dospi\" width=\"1497\" height=\"880\" srcset=\"https:\/\/web.sectei.cdmx.gob.mx\/raspberry\/wp-content\/uploads\/2020\/04\/dospi-e1587106682678-1.png 1497w, https:\/\/web.sectei.cdmx.gob.mx\/raspberry\/wp-content\/uploads\/2020\/04\/dospi-e1587106682678-1-300x176.png 300w, https:\/\/web.sectei.cdmx.gob.mx\/raspberry\/wp-content\/uploads\/2020\/04\/dospi-e1587106682678-1-1024x602.png 1024w, https:\/\/web.sectei.cdmx.gob.mx\/raspberry\/wp-content\/uploads\/2020\/04\/dospi-e1587106682678-1-768x451.png 768w, https:\/\/web.sectei.cdmx.gob.mx\/raspberry\/wp-content\/uploads\/2020\/04\/dospi-e1587106682678-1-1200x705.png 1200w\" sizes=\"(max-width: 1497px) 100vw, 1497px\" \/><\/a><\/p>\n<p>\u00a0<\/p>\n<h2 style=\"text-align: center;\">Khan Achademy<\/h2>\n<p style=\"text-align: center;\">Khan Academy ofrece ejercicios de pr\u00e1ctica, v\u00eddeos instructivos y un panel de aprendizaje personalizado que permite a los alumnos aprender a su propio ritmo, dentro y fuera del sal\u00f3n de clases. Aborda las matem\u00e1ticas, la ciencia, la programaci\u00f3n de computadoras, la historia, la historia del arte, la econom\u00eda y m\u00e1s.<\/p>\n<p style=\"text-align: center;\">Tiene convenios con instituciones como la NASA, el Museo de Arte Moderno (MoMA) de Nueva York, la Academia de Ciencias de California y el Instituto Tecnol\u00f3gico de Massachusetts (MIT) para ofrecer contenido especializado.<\/p>\n<p><a href=\"https:\/\/es.khanacademy.org\/\" target=\"_blank\" rel=\"noopener noreferrer\"><img loading=\"lazy\" class=\"alignnone size-full wp-image-340\" src=\"https:\/\/web.sectei.cdmx.gob.mx\/raspberry\/wp-content\/uploads\/2020\/04\/khan-1.png\" alt=\"khan\" width=\"1270\" height=\"720\" srcset=\"https:\/\/web.sectei.cdmx.gob.mx\/raspberry\/wp-content\/uploads\/2020\/04\/khan-1.png 1270w, https:\/\/web.sectei.cdmx.gob.mx\/raspberry\/wp-content\/uploads\/2020\/04\/khan-1-300x170.png 300w, https:\/\/web.sectei.cdmx.gob.mx\/raspberry\/wp-content\/uploads\/2020\/04\/khan-1-1024x581.png 1024w, https:\/\/web.sectei.cdmx.gob.mx\/raspberry\/wp-content\/uploads\/2020\/04\/khan-1-768x435.png 768w, https:\/\/web.sectei.cdmx.gob.mx\/raspberry\/wp-content\/uploads\/2020\/04\/khan-1-1200x680.png 1200w\" sizes=\"(max-width: 1270px) 100vw, 1270px\" \/><\/a><\/p>\n<h2 class=\"title-text\" style=\"text-align: center;\">Simulaciones interactivas de ciencias y matem\u00e1ticas<\/h2>\n<p style=\"text-align: center;\">Fundado en 2002 por el ganador del Premio Nobel Carl Wieman, el proyecto de simulaciones interactivas de PhET de la Universidad de Colorado en Boulder crea simulaciones interactivas gratuitas de matem\u00e1ticas y ciencias. Las simulaciones de PhET se basan en\u00a0<a class=\"inline-link\" href=\"https:\/\/phet.colorado.edu\/es\/research\">investigaci\u00f3n<\/a>\u00a0educativa extensiva e involucran a los estudiantes mediante un ambiente intuitivo y similar a un juego, en donde aprenden explorando y descubriendo.<\/p>\n<p><a href=\"https:\/\/phet.colorado.edu\/es\/\" target=\"_blank\" rel=\"noopener noreferrer\"><img loading=\"lazy\" class=\"alignnone size-full wp-image-357\" src=\"https:\/\/web.sectei.cdmx.gob.mx\/raspberry\/wp-content\/uploads\/2020\/04\/sim-1.png\" alt=\"sim\" width=\"1631\" height=\"745\" srcset=\"https:\/\/web.sectei.cdmx.gob.mx\/raspberry\/wp-content\/uploads\/2020\/04\/sim-1.png 1631w, https:\/\/web.sectei.cdmx.gob.mx\/raspberry\/wp-content\/uploads\/2020\/04\/sim-1-300x137.png 300w, https:\/\/web.sectei.cdmx.gob.mx\/raspberry\/wp-content\/uploads\/2020\/04\/sim-1-1024x468.png 1024w, https:\/\/web.sectei.cdmx.gob.mx\/raspberry\/wp-content\/uploads\/2020\/04\/sim-1-768x351.png 768w, https:\/\/web.sectei.cdmx.gob.mx\/raspberry\/wp-content\/uploads\/2020\/04\/sim-1-1536x702.png 1536w, https:\/\/web.sectei.cdmx.gob.mx\/raspberry\/wp-content\/uploads\/2020\/04\/sim-1-1200x548.png 1200w\" sizes=\"(max-width: 1631px) 100vw, 1631px\" \/><\/a><\/p>\n<h2 style=\"text-align: center;\">Otros Sitios.<\/h2>\n<ul>\n<li style=\"font-weight: 400;\"><span style=\"font-weight: 400;\">CK-12: <\/span><a href=\"https:\/\/www.ck12.org\/student\/\"><span style=\"font-weight: 400;\">https:\/\/www.ck12.org\/student\/<\/span><\/a><\/li>\n<li style=\"font-weight: 400;\"><span style=\"font-weight: 400;\">Ciencia de Sofa: <\/span><a href=\"https:\/\/cienciadesofa.com\/\"><span style=\"font-weight: 400;\">https:\/\/cienciadesofa.com\/<\/span><\/a><\/li>\n<li style=\"font-weight: 400;\"><span style=\"font-weight: 400;\">Experimentos de F\u00edsico Qu\u00edmica: <\/span><a href=\"https:\/\/www.youtube.com\/user\/fqmanuel\/videos\"><span style=\"font-weight: 400;\">https:\/\/www.youtube.com\/user\/fqmanuel\/videos<\/span><\/a><\/li>\n<li style=\"font-weight: 400;\"><span style=\"font-weight: 400;\">Laboratorio Virtual: <\/span><a href=\"http:\/\/labovirtual.blogspot.com\/\"><span style=\"font-weight: 400;\">http:\/\/labovirtual.blogspot.com\/<\/span><\/a><span style=\"font-weight: 400;\">\u00a0<\/span><\/li>\n<li style=\"font-weight: 400;\"><span style=\"font-weight: 400;\">Matem\u00e1ticas Cercanas: <\/span><a href=\"https:\/\/matematicascercanas.com\/\"><span style=\"font-weight: 400;\">https:\/\/matematicascercanas.com\/<\/span><\/a><\/li>\n<li style=\"font-weight: 400;\"><span style=\"font-weight: 400;\">Juegos Educativos: <\/span><a href=\"https:\/\/www.cokitos.com\/\"><span style=\"font-weight: 400;\">https:\/\/www.cokitos.com\/<\/span><\/a><\/li>\n<li style=\"font-weight: 400;\"><span style=\"font-weight: 400;\">EducaTube: <\/span><a href=\"https:\/\/www.educatube.es\/\"><span style=\"font-weight: 400;\">https:\/\/www.educatube.es\/<\/span><\/a><\/li>\n<li style=\"font-weight: 400;\"><span style=\"font-weight: 400;\">Educaci\u00f3n 3.0: <\/span><a href=\"https:\/\/www.educaciontrespuntocero.com\/recursos\"><span style=\"font-weight: 400;\">https:\/\/www.educaciontrespuntocero.com\/recursos<\/span><\/a><\/li>\n<li style=\"font-weight: 400;\"><span style=\"font-weight: 400;\">\u00d3rbita Laika: <\/span><a href=\"http:\/\/www.rtve.es\/television\/orbita-laika\/\"><span style=\"font-weight: 400;\">http:\/\/www.rtve.es\/television\/orbita-laika\/<\/span><\/a><\/li>\n<li><span style=\"font-weight: 400;\">Quantum Fracture: <\/span><a href=\"https:\/\/www.youtube.com\/user\/QuantumFracture\/videos\"><span style=\"font-weight: 400;\">https:\/\/www.youtube.com\/user\/QuantumFracture\/videos<\/span><\/a><\/li>\n<li>Aprende en Casa :\u00a0 \u00a0 \u00a0\u00a0 \u00a0\u00a0 \u00a0\u00a0 \u00a0<a href=\"https:\/\/www.aprendeencasa.mx\/aprende-en-casa\/index.html\">https:\/\/www.aprendeencasa.mx\/aprende-en-casa\/index.html<\/a>\u00a0 \u00a0 \u00a0 \u00a0 \u00a0 \u00a0 \u00a0 \u00a0 \u00a0\u00a0<\/li>\n<\/ul>\n<p>\u00a0<\/p>\n\n\n<p><\/p>\n","protected":false},"excerpt":{"rendered":"<p>Sitios para aprender por tu cuenta. <\/p>\n","protected":false},"author":1,"featured_media":0,"parent":0,"menu_order":0,"comment_status":"closed","ping_status":"closed","template":"","meta":[],"_links":{"self":[{"href":"https:\/\/web.sectei.cdmx.gob.mx\/raspberry\/index.php?rest_route=\/wp\/v2\/pages\/76"}],"collection":[{"href":"https:\/\/web.sectei.cdmx.gob.mx\/raspberry\/index.php?rest_route=\/wp\/v2\/pages"}],"about":[{"href":"https:\/\/web.sectei.cdmx.gob.mx\/raspberry\/index.php?rest_route=\/wp\/v2\/types\/page"}],"author":[{"embeddable":true,"href":"https:\/\/web.sectei.cdmx.gob.mx\/raspberry\/index.php?rest_route=\/wp\/v2\/users\/1"}],"replies":[{"embeddable":true,"href":"https:\/\/web.sectei.cdmx.gob.mx\/raspberry\/index.php?rest_route=%2Fwp%2Fv2%2Fcomments&post=76"}],"version-history":[{"count":1,"href":"https:\/\/web.sectei.cdmx.gob.mx\/raspberry\/index.php?rest_route=\/wp\/v2\/pages\/76\/revisions"}],"predecessor-version":[{"id":469,"href":"https:\/\/web.sectei.cdmx.gob.mx\/raspberry\/index.php?rest_route=\/wp\/v2\/pages\/76\/revisions\/469"}],"wp:attachment":[{"href":"https:\/\/web.sectei.cdmx.gob.mx\/raspberry\/index.php?rest_route=%2Fwp%2Fv2%2Fmedia&parent=76"}],"curies":[{"name":"wp","href":"https:\/\/api.w.org\/{rel}","templated":true}]}}