{"id":8,"date":"2020-04-15T00:55:41","date_gmt":"2020-04-15T00:55:41","guid":{"rendered":"https:\/\/repositoriosectei.wordpress.com\/?page_id=8"},"modified":"2020-04-15T00:55:41","modified_gmt":"2020-04-15T00:55:41","slug":"contact","status":"publish","type":"page","link":"https:\/\/web.sectei.cdmx.gob.mx\/raspberry\/?page_id=8","title":{"rendered":"Contacto"},"content":{"rendered":"<p class=\"has-text-align-left\">Hablemos \ud83d\udc4b. No dudes en ponerte en contacto con nosotros mediante la informaci\u00f3n de contacto a continuaci\u00f3n, o env\u00edanos un mensaje mediante el formulario.<\/p>\n\n<div class=\"wp-block-spacer desktop-only\" style=\"height:32px;\" aria-hidden=\"true\">\u00a0<\/div>\n\n<div class=\"wp-block-columns alignwide has-2-columns\"><div class=\"wp-block-column\"><h2 class=\"has-text-align-left\">Ponte en contacto<\/h2><div class=\"wp-block-jetpack-contact-info\">\n\n<div class=\"wp-block-jetpack-email\"><a href=\"mailto:damian.real@sectei.cdmx.gob.mx\">damian.real@sectei.cdmx.gob.mx<\/a><\/div>\n\n<div class=\"wp-block-jetpack-phone\">\u00a0<\/div><\/div>\n\n<ul class=\"wp-block-social-links\">\n\n\n\n\n\n\n\n\n\n\n\n\n\n\n\n<\/ul><\/div>\n\n<div class=\"wp-block-column\"><h2 class=\"has-text-align-left\">Env\u00edanos un mensaje<\/h2>\n\n\n\n\n\n\n\n\n\n<\/div><\/div><!-- \/wp:columns -->","protected":false},"excerpt":{"rendered":"<p>Hablemos \ud83d\udc4b. No dudes en ponerte en contacto con nosotros mediante la informaci\u00f3n de contacto a continuaci\u00f3n, o env\u00edanos un mensaje mediante el formulario. Ponte en contacto Env\u00edanos un mensaje<\/p>\n","protected":false},"author":1,"featured_media":0,"parent":0,"menu_order":0,"comment_status":"closed","ping_status":"closed","template":"","meta":[],"_links":{"self":[{"href":"https:\/\/web.sectei.cdmx.gob.mx\/raspberry\/index.php?rest_route=\/wp\/v2\/pages\/8"}],"collection":[{"href":"https:\/\/web.sectei.cdmx.gob.mx\/raspberry\/index.php?rest_route=\/wp\/v2\/pages"}],"about":[{"href":"https:\/\/web.sectei.cdmx.gob.mx\/raspberry\/index.php?rest_route=\/wp\/v2\/types\/page"}],"author":[{"embeddable":true,"href":"https:\/\/web.sectei.cdmx.gob.mx\/raspberry\/index.php?rest_route=\/wp\/v2\/users\/1"}],"replies":[{"embeddable":true,"href":"https:\/\/web.sectei.cdmx.gob.mx\/raspberry\/index.php?rest_route=%2Fwp%2Fv2%2Fcomments&post=8"}],"version-history":[{"count":0,"href":"https:\/\/web.sectei.cdmx.gob.mx\/raspberry\/index.php?rest_route=\/wp\/v2\/pages\/8\/revisions"}],"wp:attachment":[{"href":"https:\/\/web.sectei.cdmx.gob.mx\/raspberry\/index.php?rest_route=%2Fwp%2Fv2%2Fmedia&parent=8"}],"curies":[{"name":"wp","href":"https:\/\/api.w.org\/{rel}","templated":true}]}}