{"id":288,"date":"2020-10-06T17:11:59","date_gmt":"2020-10-06T17:11:59","guid":{"rendered":"http:\/\/redecos.cdmx.gob.mx\/?page_id=288"},"modified":"2021-04-05T10:24:09","modified_gmt":"2021-04-05T16:24:09","slug":"red-ecos","status":"publish","type":"page","link":"https:\/\/web.sectei.cdmx.gob.mx\/redecosv2\/red-ecos\/","title":{"rendered":"Red ECOs"},"content":{"rendered":"<div id=\"pl-288\"  class=\"panel-layout\" ><div id=\"pg-288-0\"  class=\"panel-grid panel-no-style\" ><div id=\"pgc-288-0-0\"  class=\"panel-grid-cell\" ><div id=\"panel-288-0-0-0\" class=\"so-panel widget widget_themegrill_flash_heading tg-widget section-title-wrapper panel-first-child panel-last-child\" data-index=\"0\" >\t<h3 class=\"section-title\">Antecedentes<\/h3>\n<\/div><\/div><\/div><div id=\"pg-288-1\"  class=\"panel-grid panel-no-style\" ><div id=\"pgc-288-1-0\"  class=\"panel-grid-cell\" ><div id=\"panel-288-1-0-0\" class=\"so-panel widget widget_text panel-first-child panel-last-child\" data-index=\"1\" >\t\t\t<div class=\"textwidget\"><p><span class=\"su-dropcap su-dropcap-style-default\" style=\"font-size:1.5em\">La<\/span> Red ECOs naci\u00f3 de una iniciativa de la Secretar\u00eda de Educaci\u00f3n, Ciencia, Tecnolog\u00eda e Innovaci\u00f3n (SECTEI) para generar un espacio de colaboraci\u00f3n interinstitucional, multidisciplinario y multisectorial del que surjan propuestas, soluciones y estrategias para algunos de los retos que enfrenta la Ciudad de M\u00e9xico.<\/p>\n<p>Para ello, la Secretar\u00eda convoc\u00f3 a instituciones de educaci\u00f3n superior p\u00fablicas y particulares, entidades gubernamentales, centros p\u00fablicos de investigaci\u00f3n, a la sociedad civil y distintos actores del sector productivo, con el fin de sumar experiencias y capacidades que incidan en beneficio de la poblaci\u00f3n capitalina.<\/p>\n<p>El 11 de marzo de 2019, en el Antiguo Palacio del Ayuntamiento, se firm\u00f3 el convenio marco que dio origen formal a la Red. El evento cont\u00f3 con la presencia de la Jefa de Gobierno de la Ciudad de M\u00e9xico, la doctora Claudia Sheinbaum Pardo, y de un amplio grupo de rectores, rectoras y autoridades universitarias, de academias y asociaciones que suscribieron e integraron a la Red.<\/p>\n<\/div>\n\t\t<\/div><\/div><div id=\"pgc-288-1-1\"  class=\"panel-grid-cell\" ><div id=\"panel-288-1-1-0\" class=\"so-panel widget widget_themegrill_flash_slider tg-section tg-slider-widget panel-first-child panel-last-child\" data-index=\"2\" ><div class=\"tg-slider-widget slider-light slider-content-center slider-control-center full-width\">\n\t<div class=\"swiper-container\">\n\t\t<div class=\"swiper-wrapper\">\n\t\t\t\n\t\t\t\t\t<div class=\"swiper-slide\">\n\t\t\t\t\t\t<figure class=\"slider-image\" >\n\t\t\t\t\t\t\t<img width=\"1280\" height=\"850\"\t\t\t\t\t\t\t\t\tsrc=\"https:\/\/web.sectei.cdmx.gob.mx\/redecosv2\/wp-content\/uploads\/2020\/10\/firma-redecos-1.jpeg\"\n\t\t\t\t\t\t\t\t\talt=\"\"\n\t\t\t\t\t\t\t\t\ttitle=\"\"\/>\n\t\t\t\t\t\t\t<div class=\"overlay\"><\/div>\n\t\t\t\t\t\t<\/figure>\n\t\t\t\t\t\t<div class=\"slider-content\">\n\t\t\t\t\t\t\t<div class=\"tg-container\">\n\t\t\t\t\t\t\t\t<div class=\"caption-title\"><\/div>\n\t\t\t\t\t\t\t\t<div class=\"caption-desc\"><\/div>\n\t\t\t\t\t\t\t\t\t\t\t\t\t\t\t<\/div>\n\t\t\t\t\t\t<\/div>\n\t\t\t\t\t<\/div>\n\n\t\t\t\t\n\t\t\t\t\t<div class=\"swiper-slide\">\n\t\t\t\t\t\t<figure class=\"slider-image\" >\n\t\t\t\t\t\t\t<img width=\"936\" height=\"622\"\t\t\t\t\t\t\t\t\tsrc=\"https:\/\/web.sectei.cdmx.gob.mx\/redecosv2\/wp-content\/uploads\/2020\/10\/firma-redecos-2.jpeg\"\n\t\t\t\t\t\t\t\t\talt=\"\"\n\t\t\t\t\t\t\t\t\ttitle=\"\"\/>\n\t\t\t\t\t\t\t<div class=\"overlay\"><\/div>\n\t\t\t\t\t\t<\/figure>\n\t\t\t\t\t\t<div class=\"slider-content\">\n\t\t\t\t\t\t\t<div class=\"tg-container\">\n\t\t\t\t\t\t\t\t<div class=\"caption-title\"><\/div>\n\t\t\t\t\t\t\t\t<div class=\"caption-desc\"><\/div>\n\t\t\t\t\t\t\t\t\t\t\t\t\t\t\t<\/div>\n\t\t\t\t\t\t<\/div>\n\t\t\t\t\t<\/div>\n\n\t\t\t\t\n\t\t\t\t\t<div class=\"swiper-slide\">\n\t\t\t\t\t\t<figure class=\"slider-image\" >\n\t\t\t\t\t\t\t<img width=\"1280\" height=\"849\"\t\t\t\t\t\t\t\t\tsrc=\"https:\/\/web.sectei.cdmx.gob.mx\/redecosv2\/wp-content\/uploads\/2020\/10\/firma-redecos-3.jpeg\"\n\t\t\t\t\t\t\t\t\talt=\"\"\n\t\t\t\t\t\t\t\t\ttitle=\"\"\/>\n\t\t\t\t\t\t\t<div class=\"overlay\"><\/div>\n\t\t\t\t\t\t<\/figure>\n\t\t\t\t\t\t<div class=\"slider-content\">\n\t\t\t\t\t\t\t<div class=\"tg-container\">\n\t\t\t\t\t\t\t\t<div class=\"caption-title\"><\/div>\n\t\t\t\t\t\t\t\t<div class=\"caption-desc\"><\/div>\n\t\t\t\t\t\t\t\t\t\t\t\t\t\t\t<\/div>\n\t\t\t\t\t\t<\/div>\n\t\t\t\t\t<\/div>\n\n\t\t\t\t\n\t\t\t\t\t<div class=\"swiper-slide\">\n\t\t\t\t\t\t<figure class=\"slider-image\" >\n\t\t\t\t\t\t\t<img width=\"1280\" height=\"850\"\t\t\t\t\t\t\t\t\tsrc=\"https:\/\/web.sectei.cdmx.gob.mx\/redecosv2\/wp-content\/uploads\/2020\/10\/firma-redecos-4.jpeg\"\n\t\t\t\t\t\t\t\t\talt=\"\"\n\t\t\t\t\t\t\t\t\ttitle=\"\"\/>\n\t\t\t\t\t\t\t<div class=\"overlay\"><\/div>\n\t\t\t\t\t\t<\/figure>\n\t\t\t\t\t\t<div class=\"slider-content\">\n\t\t\t\t\t\t\t<div class=\"tg-container\">\n\t\t\t\t\t\t\t\t<div class=\"caption-title\"><\/div>\n\t\t\t\t\t\t\t\t<div class=\"caption-desc\"><\/div>\n\t\t\t\t\t\t\t\t\t\t\t\t\t\t\t<\/div>\n\t\t\t\t\t\t<\/div>\n\t\t\t\t\t<\/div>\n\n\t\t\t\t\t\t<\/div>\n\t\t<div class=\"swiper-pagination\"><\/div>\n\t\t<div class=\"slider-arrow\">\n\t\t\t<div class=\"swiper-button-next\"><\/div>\n\t\t\t<div class=\"swiper-button-prev\"><\/div>\n\t\t<\/div>\n\t<\/div>\n<\/div>\n<\/div><\/div><\/div><div id=\"pg-288-2\"  class=\"panel-grid panel-has-style\" ><div class=\"panel-row-style panel-row-style-for-288-2\" ><div id=\"pgc-288-2-0\"  class=\"panel-grid-cell\" ><div id=\"panel-288-2-0-0\" class=\"so-panel widget widget_themegrill_flash_heading tg-widget section-title-wrapper panel-first-child\" data-index=\"3\" >\t<h3 class=\"section-title\">Acerca de las Red ECOs<\/h3>\n<\/div><div id=\"panel-288-2-0-1\" class=\"so-panel widget widget_themegrill_flash_image tg-widget tg-image-widget\" data-index=\"4\" >\t<img src=\"https:\/\/web.sectei.cdmx.gob.mx\/redecosv2\/wp-content\/uploads\/2020\/10\/b-sesion2a-e1602006640345.png\" \/>\n<\/div><div id=\"panel-288-2-0-2\" class=\"so-panel widget widget_text panel-last-child\" data-index=\"5\" >\t\t\t<div class=\"textwidget\"><p>La RED ECOs de Educaci\u00f3n, Ciencia, Tecnolog\u00eda e Innovaci\u00f3n de la Ciudad de M\u00e9xico es un \u00f3rgano colegiado de car\u00e1cter t\u00e9cnico, de consulta, opini\u00f3n, asesor\u00eda y an\u00e1lisis, auxiliar del Gobierno de la Ciudad de M\u00e9xico para el mejoramiento de la educaci\u00f3n media superior y superior, la ciencia, la tecnolog\u00eda, la investigaci\u00f3n y la innovaci\u00f3n, as\u00ed como para la atenci\u00f3n y propuestas de soluci\u00f3n a problemas que impactan a la Ciudad en diferentes \u00e1mbitos.<\/p>\n<\/div>\n\t\t<\/div><\/div><\/div><\/div><div id=\"pg-288-3\"  class=\"panel-grid panel-no-style\" ><div id=\"pgc-288-3-0\"  class=\"panel-grid-cell\" ><div id=\"panel-288-3-0-0\" class=\"so-panel widget widget_themegrill_flash_heading tg-widget section-title-wrapper panel-first-child panel-last-child\" data-index=\"6\" >\t<h3 class=\"section-title\">Qui\u00e9nes somos<\/h3>\n<\/div><\/div><\/div><div id=\"pg-288-4\"  class=\"panel-grid panel-no-style\" ><div id=\"pgc-288-4-0\"  class=\"panel-grid-cell\" ><div id=\"panel-288-4-0-0\" class=\"so-panel widget widget_text panel-first-child panel-last-child\" data-index=\"7\" >\t\t\t<div class=\"textwidget\"><div class=\"epyt-video-wrapper\"><iframe  id=\"_ytid_74082\"   data-origwidth=\"1200\" data-origheight=\"675\"  src=\"https:\/\/www.youtube.com\/embed\/8En-mumuRas?enablejsapi=1&autoplay=0&cc_load_policy=0&cc_lang_pref=&iv_load_policy=1&loop=0&modestbranding=0&rel=1&fs=1&playsinline=0&autohide=2&theme=dark&color=red&controls=1&\" class=\"__youtube_prefs__  __youtube_prefs_widget__  no-lazyload\" title=\"YouTube player\"  allow=\"autoplay; encrypted-media\" allowfullscreen data-no-lazy=\"1\" data-skipgform_ajax_framebjll=\"\"><\/iframe><\/div>\n<\/div>\n\t\t<\/div><\/div><div id=\"pgc-288-4-1\"  class=\"panel-grid-cell\" ><div id=\"panel-288-4-1-0\" class=\"so-panel widget widget_text panel-first-child panel-last-child\" data-index=\"8\" >\t\t\t<div class=\"textwidget\"><p>&nbsp;<\/p>\n<p><span class=\"su-dropcap su-dropcap-style-default\" style=\"font-size:1.5em\">Un<\/span>grupo interinstitucional, multisectorial y transdisciplinar que incluye a instituciones de educaci\u00f3n superior p\u00fablicas y privadas, a centros p\u00fablicos de investigaci\u00f3n, a dependencias gubernamentales locales, a institutos nacionales y a otros organismos con sede en la Ciudad de M\u00e9xico que suscriben un convenio marco para integrar y participar en los trabajos y programas de la RED ECOs.<\/p>\n<\/div>\n\t\t<\/div><\/div><\/div><div id=\"pg-288-5\"  class=\"panel-grid panel-has-style\" ><div class=\"panel-row-style panel-row-style-for-288-5\" ><div id=\"pgc-288-5-0\"  class=\"panel-grid-cell\" ><div id=\"panel-288-5-0-0\" class=\"so-panel widget widget_themegrill_flash_heading tg-widget section-title-wrapper panel-first-child\" data-index=\"9\" >\t<h3 class=\"section-title\">Misi\u00f3n<\/h3>\n<\/div><div id=\"panel-288-5-0-1\" class=\"so-panel widget widget_text panel-last-child\" data-index=\"10\" >\t\t\t<div class=\"textwidget\"><p>Sustentada en el trabajo colaborativo, en la aplicaci\u00f3n de conocimientos y en la toma de decisiones basadas en evidencia cient\u00edfica, la Red busca generar proyectos y grupos de trabajo enfocados al desarrollo e impulso de las \u00e1reas donde se identifican problemas que aquejan a la capital. A partir del an\u00e1lisis, la asesor\u00eda y el conocimiento cient\u00edfico se plantean posibles soluciones a diversas problem\u00e1ticas en apoyo al Gobierno y para beneficio de la colectividad.<\/p>\n<\/div>\n\t\t<\/div><\/div><div id=\"pgc-288-5-1\"  class=\"panel-grid-cell\" ><div id=\"panel-288-5-1-0\" class=\"so-panel widget widget_themegrill_flash_heading tg-widget section-title-wrapper panel-first-child\" data-index=\"11\" >\t<h3 class=\"section-title\">Visi\u00f3n<\/h3>\n<\/div><div id=\"panel-288-5-1-1\" class=\"so-panel widget widget_text panel-last-child\" data-index=\"12\" >\t\t\t<div class=\"textwidget\"><p>Convertirse en un referente de consulta experta, confiable y \u00e9tica para atender retos de la Ciudad de M\u00e9xico. Generar una nueva cultura de la colaboraci\u00f3n interinstitucional y multisectorial basada en proyectos conjuntos, con un enfoque interdisciplinar y transdisciplinar, e intereses comunes para el bienestar de la ciudadan\u00eda.<\/p>\n<\/div>\n\t\t<\/div><\/div><\/div><\/div><div id=\"pg-288-6\"  class=\"panel-grid panel-no-style\" ><div id=\"pgc-288-6-0\"  class=\"panel-grid-cell\" ><div id=\"panel-288-6-0-0\" class=\"so-panel widget widget_text panel-first-child panel-last-child\" data-index=\"13\" >\t\t\t<div class=\"textwidget\"><div class='white' style='background:rgba(0,0,0,0); border:solid 0px rgba(0,0,0,0); border-radius:0px; padding:0px 0px 0px 0px;'>\n<div id='slider_184' class='owl-carousel sa_owl_theme autohide-arrows' data-slider-id='slider_184' style='visibility:hidden;'>\n<div id='slider_184_slide01' class='sa_hover_container' style='padding:5% 5%; margin:0px 0%; '><img src=\"https:\/\/web.sectei.cdmx.gob.mx\/redecosv2\/wp-content\/uploads\/2021\/03\/Imagen-02_Museo-movil.jpg-300x200.jpg\" alt=\"\" width=\"300\" height=\"200\" class=\"alignnone size-medium wp-image-524\" \/><\/div>\n<div id='slider_184_slide02' class='sa_hover_container' style='padding:5% 5%; margin:0px 0%; '><img src=\"https:\/\/web.sectei.cdmx.gob.mx\/redecosv2\/wp-content\/uploads\/2021\/03\/chinampas-300x200.png\" alt=\"\" width=\"300\" height=\"200\" class=\"alignnone size-medium wp-image-528\" \/><\/div>\n<div id='slider_184_slide03' class='sa_hover_container' style='padding:5% 5%; margin:0px 0%; '><img src=\"https:\/\/web.sectei.cdmx.gob.mx\/redecosv2\/wp-content\/uploads\/2021\/03\/reto-verde-300x200.png\" alt=\"\" width=\"300\" height=\"200\" class=\"alignnone size-medium wp-image-529\" \/><\/div>\n<div id='slider_184_slide04' class='sa_hover_container' style='padding:5% 5%; margin:0px 0%; '><img src=\"https:\/\/web.sectei.cdmx.gob.mx\/redecosv2\/wp-content\/uploads\/2021\/03\/lab-300x200.jpg\" alt=\"\" width=\"300\" height=\"200\" class=\"alignnone size-medium wp-image-530\" \/><\/div>\n<div id='slider_184_slide05' class='sa_hover_container' style='padding:5% 5%; margin:0px 0%; '><img src=\"https:\/\/web.sectei.cdmx.gob.mx\/redecosv2\/wp-content\/uploads\/2021\/03\/clase-300x200.jpg\" alt=\"\" width=\"300\" height=\"200\" class=\"alignnone size-medium wp-image-531\" \/><\/div>\n<\/div>\n<\/div>\n<script type='text\/javascript'>\n\tjQuery(document).ready(function() {\n\t\tjQuery('#slider_184').owlCarousel({\n\t\t\tresponsive:{\n\t\t\t\t0:{ items:1 },\n\t\t\t\t480:{ items:2 },\n\t\t\t\t768:{ items:3 },\n\t\t\t\t980:{ items:4 },\n\t\t\t\t1200:{ items:4 },\n\t\t\t\t1500:{ items:4 }\n\t\t\t},\n\t\t\tautoplay : true,\n\t\t\tautoplayTimeout : 5000,\n\t\t\tautoplayHoverPause : true,\n\t\t\tsmartSpeed : 200,\n\t\t\tfluidSpeed : 200,\n\t\t\tautoplaySpeed : 200,\n\t\t\tnavSpeed : 200,\n\t\t\tdotsSpeed : 200,\n\t\t\tloop : true,\n\t\t\tnav : true,\n\t\t\tnavText : ['Previous','Next'],\n\t\t\tdots : false,\n\t\t\tresponsiveRefreshRate : 200,\n\t\t\tslideBy : 1,\n\t\t\tmergeFit : true,\n\t\t\tautoHeight : false,\n\t\t\tmouseDrag : false,\n\t\t\ttouchDrag : true\n\t\t});\n\t\tjQuery('#slider_184').css('visibility', 'visible');\n\t\tsa_resize_slider_184();\n\t\twindow.addEventListener('resize', sa_resize_slider_184);\n\t\tfunction sa_resize_slider_184() {\n\t\t\tvar min_height = '50';\n\t\t\tvar win_width = jQuery(window).width();\n\t\t\tvar slider_width = jQuery('#slider_184').width();\n\t\t\tif (win_width < 480) {\n\t\t\t\tvar slide_width = slider_width \/ 1;\n\t\t\t} else if (win_width < 768) {\n\t\t\t\tvar slide_width = slider_width \/ 2;\n\t\t\t} else if (win_width < 980) {\n\t\t\t\tvar slide_width = slider_width \/ 3;\n\t\t\t} else if (win_width < 1200) {\n\t\t\t\tvar slide_width = slider_width \/ 4;\n\t\t\t} else if (win_width < 1500) {\n\t\t\t\tvar slide_width = slider_width \/ 4;\n\t\t\t} else {\n\t\t\t\tvar slide_width = slider_width \/ 4;\n\t\t\t}\n\t\t\tslide_width = Math.round(slide_width);\n\t\t\tvar slide_height = '0';\n\t\t\tif (min_height == 'aspect43') {\n\t\t\t\tslide_height = (slide_width \/ 4) * 3;\t\t\t\tslide_height = Math.round(slide_height);\n\t\t\t} else if (min_height == 'aspect169') {\n\t\t\t\tslide_height = (slide_width \/ 16) * 9;\t\t\t\tslide_height = Math.round(slide_height);\n\t\t\t} else {\n\t\t\t\tslide_height = (slide_width \/ 100) * min_height;\t\t\t\tslide_height = Math.round(slide_height);\n\t\t\t}\n\t\t\tjQuery('#slider_184 .owl-item .sa_hover_container').css('min-height', slide_height+'px');\n\t\t}\n\t\tvar owl_goto = jQuery('#slider_184');\n\t\tjQuery('.slider_184_goto1').click(function(event){\n\t\t\towl_goto.trigger('to.owl.carousel', 0);\n\t\t});\n\t\tjQuery('.slider_184_goto2').click(function(event){\n\t\t\towl_goto.trigger('to.owl.carousel', 1);\n\t\t});\n\t\tjQuery('.slider_184_goto3').click(function(event){\n\t\t\towl_goto.trigger('to.owl.carousel', 2);\n\t\t});\n\t\tjQuery('.slider_184_goto4').click(function(event){\n\t\t\towl_goto.trigger('to.owl.carousel', 3);\n\t\t});\n\t\tjQuery('.slider_184_goto5').click(function(event){\n\t\t\towl_goto.trigger('to.owl.carousel', 4);\n\t\t});\n\t\tvar resize_184 = jQuery('.owl-carousel');\n\t\tresize_184.on('initialized.owl.carousel', function(e) {\n\t\t\tif (typeof(Event) === 'function') {\n\t\t\t\twindow.dispatchEvent(new Event('resize'));\n\t\t\t} else {\n\t\t\t\tvar evt = window.document.createEvent('UIEvents');\n\t\t\t\tevt.initUIEvent('resize', true, false, window, 0);\n\t\t\t\twindow.dispatchEvent(evt);\n\t\t\t}\n\t\t});\n\t});\n<\/script>\n\n<\/div>\n\t\t<\/div><\/div><\/div><\/div>","protected":false},"excerpt":{"rendered":"<p>Red ECOs naci\u00f3 de una iniciativa de la Secretar\u00eda de Educaci\u00f3n, Ciencia, Tecnolog\u00eda e Innovaci\u00f3n (SECTEI) para generar un espacio [&hellip;]<\/p>\n","protected":false},"author":1,"featured_media":0,"parent":0,"menu_order":0,"comment_status":"closed","ping_status":"closed","template":"","meta":[],"_links":{"self":[{"href":"https:\/\/web.sectei.cdmx.gob.mx\/redecosv2\/wp-json\/wp\/v2\/pages\/288"}],"collection":[{"href":"https:\/\/web.sectei.cdmx.gob.mx\/redecosv2\/wp-json\/wp\/v2\/pages"}],"about":[{"href":"https:\/\/web.sectei.cdmx.gob.mx\/redecosv2\/wp-json\/wp\/v2\/types\/page"}],"author":[{"embeddable":true,"href":"https:\/\/web.sectei.cdmx.gob.mx\/redecosv2\/wp-json\/wp\/v2\/users\/1"}],"replies":[{"embeddable":true,"href":"https:\/\/web.sectei.cdmx.gob.mx\/redecosv2\/wp-json\/wp\/v2\/comments?post=288"}],"version-history":[{"count":69,"href":"https:\/\/web.sectei.cdmx.gob.mx\/redecosv2\/wp-json\/wp\/v2\/pages\/288\/revisions"}],"predecessor-version":[{"id":1168,"href":"https:\/\/web.sectei.cdmx.gob.mx\/redecosv2\/wp-json\/wp\/v2\/pages\/288\/revisions\/1168"}],"wp:attachment":[{"href":"https:\/\/web.sectei.cdmx.gob.mx\/redecosv2\/wp-json\/wp\/v2\/media?parent=288"}],"curies":[{"name":"wp","href":"https:\/\/api.w.org\/{rel}","templated":true}]}}